{"id":489,"date":"2018-05-08T19:36:17","date_gmt":"2018-05-08T19:36:17","guid":{"rendered":"http:\/\/anthroposophie-bayreuth.de\/wp\/?page_id=489"},"modified":"2026-01-06T09:28:36","modified_gmt":"2026-01-06T09:28:36","slug":"medizinische-arbeitsgruppe-fuer-aerzte-und-pharmazeuten","status":"publish","type":"page","link":"https:\/\/anthroposophie-bayreuth.de\/?page_id=489","title":{"rendered":"Medizinische Arbeitsgruppe f\u00fcr \u00c4rzte und Pharmazeuten"},"content":{"rendered":"<p>[et_pb_section fb_built=&#8220;1&#8243; _builder_version=&#8220;4.16&#8243; global_colors_info=&#8220;{}&#8220;][et_pb_row _builder_version=&#8220;4.16&#8243; background_size=&#8220;initial&#8220; background_position=&#8220;top_left&#8220; background_repeat=&#8220;repeat&#8220; global_colors_info=&#8220;{}&#8220;][et_pb_column type=&#8220;4_4&#8243; _builder_version=&#8220;4.16&#8243; custom_padding=&#8220;|||&#8220; global_colors_info=&#8220;{}&#8220; custom_padding__hover=&#8220;|||&#8220;][et_pb_text _builder_version=&#8220;4.27.4&#8243; hover_enabled=&#8220;0&#8243; global_colors_info=&#8220;{}&#8220; sticky_enabled=&#8220;0&#8243;]<\/p>\n<p>Die <strong>Anthroposophische Medizin<\/strong> erweitert die naturwissenschaftlich ausgerichtete Schulmedizin zu einer Humanmedizin, die den Menschen als Individuum betrachtet. Durch die erweiterte Betrachtungsweise des Menschen erhalten \u00c4rzte und Pharmazeuten neue Einblicke in die Zusammenh\u00e4nge von Gesundheit und Krankheit. Der ganzheitliche Ansatz mit dem Blick auf Leib, Seele und Geist des Menschen hat zum Ziel, eine Harmonisierung der Wesensglieder des Menschen zu erreichen und die Anregung der Selbstheilungskr\u00e4fte zu f\u00f6rdern. Die aus dem anthroposophischen Erkenntnisansatz hervorgegangenen Pharmazieunternehmen \u201eWeleda\u201d und \u201eWala\u201d unterst\u00fctzen mit Ihren Produkten die Therapie.<\/p>\n<p>&nbsp;<\/p>\n<p><strong>Medizinisch-Pharmazeutische Arbeitsgruppe f\u00fcr \u00c4rzte und Pharmazeuten<\/strong><\/p>\n<p>Die Arbeitsgruppe trifft zu einer gemeinsamen Textarbeit und pflegt durch Referate aus den Fachbereichen der einzelnen \u00c4rzte und Pharmazeuten den Austausch. Das Vortragsangebot der Anthroposophischen Gesellschaft ber\u00fccksichtigt die Arbeit der medizinischen Gruppe. Interessierte \u00c4rzte und Pharmazeuten sind herzlich willkommen!<\/p>\n<p>&nbsp;<\/p>\n<p class=\"p1\">Termine nach Absprache \u2013 die aktuellen Termine finden Sie hier auf der Webseite<\/p>\n<p class=\"p2\">Textgrundlage: Geisteswissenschaft und Medizin (GA 312)<\/p>\n<p class=\"p2\">ab dem 13. Vortrag<\/p>\n<p class=\"p2\">Ansprechpartner: Prof. Dr. Bettina Pfannmu\u0308ller<\/p>\n<p><strong>Interessierte \u00c4rzte und Pharmazeuten sind herzlich willkommen.<\/strong><\/p>\n<p>&nbsp;<\/p>\n<p>Die Mitglieder der Medizinischen Arbeitsgruppe f\u00fcr \u00c4rzte und Pharmazeuten haben aus ihren T\u00e4tigkeitsbereichen im Rahmen der Gruppe bereits interessante Vortr\u00e4ge gehalten zu M. Crohn, Colitis ulcerosa sowie \u00fcber moderne herzchirurgische Operationsmethoden. So werden die nachstehenden Vortr\u00e4ge wieder belebend die Textarbeit erg\u00e4nzen.<\/p>\n<p>&nbsp;<\/p>\n<p>Interessierte \u00c4rzte und Pharmazeuten sind herzlich willkommen! Anmeldung: Tel.: 0921-5167019<\/p>\n<p>&nbsp;<\/p>\n<p>&nbsp;<\/p>\n<p>&nbsp;<\/p>\n<hr \/>\n<p>&nbsp;<\/p>\n<p><span style=\"color: #003399; font-family: Verdana,Arial,Helvetica,sans-serif; font-size: small;\">\u00a0<\/span><\/p>\n<p>[\/et_pb_text][\/et_pb_column][\/et_pb_row][\/et_pb_section]<\/p>\n","protected":false},"excerpt":{"rendered":"<p>Die Anthroposophische Medizin erweitert die naturwissenschaftlich ausgerichtete Schulmedizin zu einer Humanmedizin, die den Menschen als Individuum betrachtet. Durch die erweiterte Betrachtungsweise des Menschen erhalten \u00c4rzte und Pharmazeuten neue Einblicke in die Zusammenh\u00e4nge von Gesundheit und Krankheit. Der ganzheitliche Ansatz mit dem Blick auf Leib, Seele und Geist des Menschen hat zum Ziel, eine Harmonisierung der [&hellip;]<\/p>\n","protected":false},"author":1,"featured_media":0,"parent":0,"menu_order":0,"comment_status":"closed","ping_status":"closed","template":"","meta":{"_et_pb_use_builder":"on","_et_pb_old_content":"<div class=\"et_pb_row et_pb_row_0\"><div class=\"et_pb_column et_pb_column_4_4 et_pb_column_0 et_pb_css_mix_blend_mode_passthrough et-last-child\"><div class=\"et_pb_module et_pb_text et_pb_text_0 et_pb_bg_layout_light et_pb_text_align_left\"><div class=\"et_pb_text_inner\"><p>Die Mitglieder treffen sich w\u00f6chentlich <strong>montags, 19:30 Uhr, <\/strong><br \/> und erarbeiten gemeinsam grundlegende geisteswissenschaftliche Schriften und Vortr\u00e4ge Rudolf Steiners.<\/p><p>\u00a0<\/p><p>Beginn: 08.01.2018<\/p><p><strong>Mitgliederarbeit<br \/> <\/strong><br \/> <strong>Geheimwissenschaft im Umri\u00df (GA 13)<\/strong><br \/> Die Anthroposophie als Gesamtes dargestellt<\/p><p>Leitung: Christa Pfannm\u00fcller<\/p><p>\u00a0<\/p><p>Hochschularbeit und Klassenstunden Termine auf Anfrage<\/p><p>\u201eMitglied kann jedermann ohne Unterschied der Nation, des Standes, der Religion, der wissenschaftlichen und k\u00fcnstlerischen \u00dcberzeugung werden, der in dem Bestand einer solchen Institution, wie sie das Goetheanum in Dornach als Freie Hochschule f\u00fcr Geisteswissenschaft ist, etwas Berechtigtes sieht. Die Gesellschaft lehnt jedes sektiererische Bestreben ab. Die Politik betrachtet sie nicht als in ihren Aufgaben liegend\u201d (Rudolf Steiner)<\/p><\/div><\/div><\/div><\/div>","_et_gb_content_width":"","footnotes":""},"class_list":["post-489","page","type-page","status-publish","hentry"],"yoast_head":"<!-- This site is optimized with the Yoast SEO plugin v26.6 - https:\/\/yoast.com\/wordpress\/plugins\/seo\/ -->\n<title>Medizinische Arbeitsgruppe f\u00fcr \u00c4rzte und Pharmazeuten - Anthroposophische Gesellschaft Bayreuth<\/title>\n<meta name=\"robots\" content=\"index, follow, max-snippet:-1, max-image-preview:large, max-video-preview:-1\" \/>\n<link rel=\"canonical\" href=\"https:\/\/anthroposophie-bayreuth.de\/?page_id=489\" \/>\n<meta property=\"og:locale\" content=\"de_DE\" \/>\n<meta property=\"og:type\" content=\"article\" \/>\n<meta property=\"og:title\" content=\"Medizinische Arbeitsgruppe f\u00fcr \u00c4rzte und Pharmazeuten - Anthroposophische Gesellschaft Bayreuth\" \/>\n<meta property=\"og:description\" content=\"Die Anthroposophische Medizin erweitert die naturwissenschaftlich ausgerichtete Schulmedizin zu einer Humanmedizin, die den Menschen als Individuum betrachtet. Durch die erweiterte Betrachtungsweise des Menschen erhalten \u00c4rzte und Pharmazeuten neue Einblicke in die Zusammenh\u00e4nge von Gesundheit und Krankheit. Der ganzheitliche Ansatz mit dem Blick auf Leib, Seele und Geist des Menschen hat zum Ziel, eine Harmonisierung der [&hellip;]\" \/>\n<meta property=\"og:url\" content=\"https:\/\/anthroposophie-bayreuth.de\/?page_id=489\" \/>\n<meta property=\"og:site_name\" content=\"Anthroposophische Gesellschaft Bayreuth\" \/>\n<meta property=\"article:modified_time\" content=\"2026-01-06T09:28:36+00:00\" \/>\n<meta name=\"twitter:card\" content=\"summary_large_image\" \/>\n<meta name=\"twitter:label1\" content=\"Gesch\u00e4tzte Lesezeit\" \/>\n\t<meta name=\"twitter:data1\" content=\"2\u00a0Minuten\" \/>\n<script type=\"application\/ld+json\" class=\"yoast-schema-graph\">{\"@context\":\"https:\/\/schema.org\",\"@graph\":[{\"@type\":\"WebPage\",\"@id\":\"https:\/\/anthroposophie-bayreuth.de\/?page_id=489\",\"url\":\"https:\/\/anthroposophie-bayreuth.de\/?page_id=489\",\"name\":\"Medizinische Arbeitsgruppe f\u00fcr \u00c4rzte und Pharmazeuten - Anthroposophische Gesellschaft Bayreuth\",\"isPartOf\":{\"@id\":\"https:\/\/anthroposophie-bayreuth.de\/#website\"},\"datePublished\":\"2018-05-08T19:36:17+00:00\",\"dateModified\":\"2026-01-06T09:28:36+00:00\",\"breadcrumb\":{\"@id\":\"https:\/\/anthroposophie-bayreuth.de\/?page_id=489#breadcrumb\"},\"inLanguage\":\"de\",\"potentialAction\":[{\"@type\":\"ReadAction\",\"target\":[\"https:\/\/anthroposophie-bayreuth.de\/?page_id=489\"]}]},{\"@type\":\"BreadcrumbList\",\"@id\":\"https:\/\/anthroposophie-bayreuth.de\/?page_id=489#breadcrumb\",\"itemListElement\":[{\"@type\":\"ListItem\",\"position\":1,\"name\":\"Startseite\",\"item\":\"https:\/\/anthroposophie-bayreuth.de\/\"},{\"@type\":\"ListItem\",\"position\":2,\"name\":\"Medizinische Arbeitsgruppe f\u00fcr \u00c4rzte und Pharmazeuten\"}]},{\"@type\":\"WebSite\",\"@id\":\"https:\/\/anthroposophie-bayreuth.de\/#website\",\"url\":\"https:\/\/anthroposophie-bayreuth.de\/\",\"name\":\"Anthroposophische Gesellschaft Bayreuth\",\"description\":\"Rudolf Steiner Haus\",\"potentialAction\":[{\"@type\":\"SearchAction\",\"target\":{\"@type\":\"EntryPoint\",\"urlTemplate\":\"https:\/\/anthroposophie-bayreuth.de\/?s={search_term_string}\"},\"query-input\":{\"@type\":\"PropertyValueSpecification\",\"valueRequired\":true,\"valueName\":\"search_term_string\"}}],\"inLanguage\":\"de\"}]}<\/script>\n<!-- \/ Yoast SEO plugin. -->","yoast_head_json":{"title":"Medizinische Arbeitsgruppe f\u00fcr \u00c4rzte und Pharmazeuten - Anthroposophische Gesellschaft Bayreuth","robots":{"index":"index","follow":"follow","max-snippet":"max-snippet:-1","max-image-preview":"max-image-preview:large","max-video-preview":"max-video-preview:-1"},"canonical":"https:\/\/anthroposophie-bayreuth.de\/?page_id=489","og_locale":"de_DE","og_type":"article","og_title":"Medizinische Arbeitsgruppe f\u00fcr \u00c4rzte und Pharmazeuten - Anthroposophische Gesellschaft Bayreuth","og_description":"Die Anthroposophische Medizin erweitert die naturwissenschaftlich ausgerichtete Schulmedizin zu einer Humanmedizin, die den Menschen als Individuum betrachtet. Durch die erweiterte Betrachtungsweise des Menschen erhalten \u00c4rzte und Pharmazeuten neue Einblicke in die Zusammenh\u00e4nge von Gesundheit und Krankheit. Der ganzheitliche Ansatz mit dem Blick auf Leib, Seele und Geist des Menschen hat zum Ziel, eine Harmonisierung der [&hellip;]","og_url":"https:\/\/anthroposophie-bayreuth.de\/?page_id=489","og_site_name":"Anthroposophische Gesellschaft Bayreuth","article_modified_time":"2026-01-06T09:28:36+00:00","twitter_card":"summary_large_image","twitter_misc":{"Gesch\u00e4tzte Lesezeit":"2\u00a0Minuten"},"schema":{"@context":"https:\/\/schema.org","@graph":[{"@type":"WebPage","@id":"https:\/\/anthroposophie-bayreuth.de\/?page_id=489","url":"https:\/\/anthroposophie-bayreuth.de\/?page_id=489","name":"Medizinische Arbeitsgruppe f\u00fcr \u00c4rzte und Pharmazeuten - Anthroposophische Gesellschaft Bayreuth","isPartOf":{"@id":"https:\/\/anthroposophie-bayreuth.de\/#website"},"datePublished":"2018-05-08T19:36:17+00:00","dateModified":"2026-01-06T09:28:36+00:00","breadcrumb":{"@id":"https:\/\/anthroposophie-bayreuth.de\/?page_id=489#breadcrumb"},"inLanguage":"de","potentialAction":[{"@type":"ReadAction","target":["https:\/\/anthroposophie-bayreuth.de\/?page_id=489"]}]},{"@type":"BreadcrumbList","@id":"https:\/\/anthroposophie-bayreuth.de\/?page_id=489#breadcrumb","itemListElement":[{"@type":"ListItem","position":1,"name":"Startseite","item":"https:\/\/anthroposophie-bayreuth.de\/"},{"@type":"ListItem","position":2,"name":"Medizinische Arbeitsgruppe f\u00fcr \u00c4rzte und Pharmazeuten"}]},{"@type":"WebSite","@id":"https:\/\/anthroposophie-bayreuth.de\/#website","url":"https:\/\/anthroposophie-bayreuth.de\/","name":"Anthroposophische Gesellschaft Bayreuth","description":"Rudolf Steiner Haus","potentialAction":[{"@type":"SearchAction","target":{"@type":"EntryPoint","urlTemplate":"https:\/\/anthroposophie-bayreuth.de\/?s={search_term_string}"},"query-input":{"@type":"PropertyValueSpecification","valueRequired":true,"valueName":"search_term_string"}}],"inLanguage":"de"}]}},"_links":{"self":[{"href":"https:\/\/anthroposophie-bayreuth.de\/index.php?rest_route=\/wp\/v2\/pages\/489","targetHints":{"allow":["GET"]}}],"collection":[{"href":"https:\/\/anthroposophie-bayreuth.de\/index.php?rest_route=\/wp\/v2\/pages"}],"about":[{"href":"https:\/\/anthroposophie-bayreuth.de\/index.php?rest_route=\/wp\/v2\/types\/page"}],"author":[{"embeddable":true,"href":"https:\/\/anthroposophie-bayreuth.de\/index.php?rest_route=\/wp\/v2\/users\/1"}],"replies":[{"embeddable":true,"href":"https:\/\/anthroposophie-bayreuth.de\/index.php?rest_route=%2Fwp%2Fv2%2Fcomments&post=489"}],"version-history":[{"count":101,"href":"https:\/\/anthroposophie-bayreuth.de\/index.php?rest_route=\/wp\/v2\/pages\/489\/revisions"}],"predecessor-version":[{"id":3703,"href":"https:\/\/anthroposophie-bayreuth.de\/index.php?rest_route=\/wp\/v2\/pages\/489\/revisions\/3703"}],"wp:attachment":[{"href":"https:\/\/anthroposophie-bayreuth.de\/index.php?rest_route=%2Fwp%2Fv2%2Fmedia&parent=489"}],"curies":[{"name":"wp","href":"https:\/\/api.w.org\/{rel}","templated":true}]}}