{"id":481,"date":"2018-05-08T19:22:17","date_gmt":"2018-05-08T19:22:17","guid":{"rendered":"http:\/\/anthroposophie-bayreuth.de\/wp\/?page_id=481"},"modified":"2026-01-06T09:56:42","modified_gmt":"2026-01-06T09:56:42","slug":"eurhythmie-kuenstlerischer-kurs-fuer-erwachsene","status":"publish","type":"page","link":"https:\/\/anthroposophie-bayreuth.de\/?page_id=481","title":{"rendered":"Eurythmie: K\u00fcnstlerischer Kurs f\u00fcr Erwachsene"},"content":{"rendered":"<p>[et_pb_section fb_built=&#8220;1&#8243; _builder_version=&#8220;4.16&#8243; global_colors_info=&#8220;{}&#8220;][et_pb_row _builder_version=&#8220;4.16&#8243; background_size=&#8220;initial&#8220; background_position=&#8220;top_left&#8220; background_repeat=&#8220;repeat&#8220; global_colors_info=&#8220;{}&#8220;][et_pb_column type=&#8220;4_4&#8243; _builder_version=&#8220;4.16&#8243; custom_padding=&#8220;|||&#8220; global_colors_info=&#8220;{}&#8220; custom_padding__hover=&#8220;|||&#8220;][et_pb_text _builder_version=&#8220;4.27.4&#8243; hover_enabled=&#8220;0&#8243; global_colors_info=&#8220;{}&#8220; sticky_enabled=&#8220;0&#8243;]<\/p>\n<p><strong>Eurythmie f\u00fcr Erwachsene:<\/strong><\/p>\n<p><strong>Ku\u0308nstlerischer Kurs\u00a0<\/strong><strong>und M\u00f6glichkeit zur Heileurythmie (Medizinisch-Therapeutisches)<\/strong><\/p>\n<p>Termine auf Anfrage<\/p>\n<p>&nbsp;<\/p>\n<p><span style=\"color: #003399; font-family: Verdana,Arial,Helvetica,sans-serif; font-size: small;\">Rudolf Steiner Haus, Zeppelinstr. 18, 95448 Bayreuth<\/span><\/p>\n<p>&nbsp;<\/p>\n<hr \/>\n<p>&nbsp;<\/p>\n<p>[\/et_pb_text][\/et_pb_column][\/et_pb_row][\/et_pb_section]<\/p>\n","protected":false},"excerpt":{"rendered":"<p>Eurythmie f\u00fcr Erwachsene: Ku\u0308nstlerischer Kurs\u00a0und M\u00f6glichkeit zur Heileurythmie (Medizinisch-Therapeutisches) Termine auf Anfrage &nbsp; Rudolf Steiner Haus, Zeppelinstr. 18, 95448 Bayreuth &nbsp; &nbsp;<\/p>\n","protected":false},"author":1,"featured_media":0,"parent":0,"menu_order":0,"comment_status":"closed","ping_status":"closed","template":"","meta":{"_et_pb_use_builder":"on","_et_pb_old_content":"<div class=\"et_pb_row et_pb_row_0\"><div class=\"et_pb_column et_pb_column_4_4 et_pb_column_0 et_pb_css_mix_blend_mode_passthrough et-last-child\"><div class=\"et_pb_module et_pb_text et_pb_text_0 et_pb_bg_layout_light et_pb_text_align_left\"><div class=\"et_pb_text_inner\"><p>Die Mitglieder treffen sich w\u00f6chentlich <strong>montags, 19:30 Uhr, <\/strong><br \/> und erarbeiten gemeinsam grundlegende geisteswissenschaftliche Schriften und Vortr\u00e4ge Rudolf Steiners.<\/p><p>\u00a0<\/p><p>Beginn: 08.01.2018<\/p><p><strong>Mitgliederarbeit<br \/> <\/strong><br \/> <strong>Geheimwissenschaft im Umri\u00df (GA 13)<\/strong><br \/> Die Anthroposophie als Gesamtes dargestellt<\/p><p>Leitung: Christa Pfannm\u00fcller<\/p><p>\u00a0<\/p><p>Hochschularbeit und Klassenstunden Termine auf Anfrage<\/p><p>\u201eMitglied kann jedermann ohne Unterschied der Nation, des Standes, der Religion, der wissenschaftlichen und k\u00fcnstlerischen \u00dcberzeugung werden, der in dem Bestand einer solchen Institution, wie sie das Goetheanum in Dornach als Freie Hochschule f\u00fcr Geisteswissenschaft ist, etwas Berechtigtes sieht. Die Gesellschaft lehnt jedes sektiererische Bestreben ab. Die Politik betrachtet sie nicht als in ihren Aufgaben liegend\u201d (Rudolf Steiner)<\/p><\/div><\/div><\/div><\/div>","_et_gb_content_width":"","footnotes":""},"class_list":["post-481","page","type-page","status-publish","hentry"],"yoast_head":"<!-- This site is optimized with the Yoast SEO plugin v26.6 - https:\/\/yoast.com\/wordpress\/plugins\/seo\/ -->\n<title>Eurythmie: K\u00fcnstlerischer Kurs f\u00fcr Erwachsene - Anthroposophische Gesellschaft Bayreuth<\/title>\n<meta name=\"robots\" content=\"index, follow, max-snippet:-1, max-image-preview:large, max-video-preview:-1\" \/>\n<link rel=\"canonical\" href=\"https:\/\/anthroposophie-bayreuth.de\/?page_id=481\" \/>\n<meta property=\"og:locale\" content=\"de_DE\" \/>\n<meta property=\"og:type\" content=\"article\" \/>\n<meta property=\"og:title\" content=\"Eurythmie: K\u00fcnstlerischer Kurs f\u00fcr Erwachsene - Anthroposophische Gesellschaft Bayreuth\" \/>\n<meta property=\"og:description\" content=\"Eurythmie f\u00fcr Erwachsene: Ku\u0308nstlerischer Kurs\u00a0und M\u00f6glichkeit zur Heileurythmie (Medizinisch-Therapeutisches) Termine auf Anfrage &nbsp; Rudolf Steiner Haus, Zeppelinstr. 18, 95448 Bayreuth &nbsp; &nbsp;\" \/>\n<meta property=\"og:url\" content=\"https:\/\/anthroposophie-bayreuth.de\/?page_id=481\" \/>\n<meta property=\"og:site_name\" content=\"Anthroposophische Gesellschaft Bayreuth\" \/>\n<meta property=\"article:modified_time\" content=\"2026-01-06T09:56:42+00:00\" \/>\n<meta name=\"twitter:card\" content=\"summary_large_image\" \/>\n<meta name=\"twitter:label1\" content=\"Gesch\u00e4tzte Lesezeit\" \/>\n\t<meta name=\"twitter:data1\" content=\"1\u00a0Minute\" \/>\n<script type=\"application\/ld+json\" class=\"yoast-schema-graph\">{\"@context\":\"https:\/\/schema.org\",\"@graph\":[{\"@type\":\"WebPage\",\"@id\":\"https:\/\/anthroposophie-bayreuth.de\/?page_id=481\",\"url\":\"https:\/\/anthroposophie-bayreuth.de\/?page_id=481\",\"name\":\"Eurythmie: K\u00fcnstlerischer Kurs f\u00fcr Erwachsene - Anthroposophische Gesellschaft Bayreuth\",\"isPartOf\":{\"@id\":\"https:\/\/anthroposophie-bayreuth.de\/#website\"},\"datePublished\":\"2018-05-08T19:22:17+00:00\",\"dateModified\":\"2026-01-06T09:56:42+00:00\",\"breadcrumb\":{\"@id\":\"https:\/\/anthroposophie-bayreuth.de\/?page_id=481#breadcrumb\"},\"inLanguage\":\"de\",\"potentialAction\":[{\"@type\":\"ReadAction\",\"target\":[\"https:\/\/anthroposophie-bayreuth.de\/?page_id=481\"]}]},{\"@type\":\"BreadcrumbList\",\"@id\":\"https:\/\/anthroposophie-bayreuth.de\/?page_id=481#breadcrumb\",\"itemListElement\":[{\"@type\":\"ListItem\",\"position\":1,\"name\":\"Startseite\",\"item\":\"https:\/\/anthroposophie-bayreuth.de\/\"},{\"@type\":\"ListItem\",\"position\":2,\"name\":\"Eurythmie: K\u00fcnstlerischer Kurs f\u00fcr Erwachsene\"}]},{\"@type\":\"WebSite\",\"@id\":\"https:\/\/anthroposophie-bayreuth.de\/#website\",\"url\":\"https:\/\/anthroposophie-bayreuth.de\/\",\"name\":\"Anthroposophische Gesellschaft Bayreuth\",\"description\":\"Rudolf Steiner Haus\",\"potentialAction\":[{\"@type\":\"SearchAction\",\"target\":{\"@type\":\"EntryPoint\",\"urlTemplate\":\"https:\/\/anthroposophie-bayreuth.de\/?s={search_term_string}\"},\"query-input\":{\"@type\":\"PropertyValueSpecification\",\"valueRequired\":true,\"valueName\":\"search_term_string\"}}],\"inLanguage\":\"de\"}]}<\/script>\n<!-- \/ Yoast SEO plugin. -->","yoast_head_json":{"title":"Eurythmie: K\u00fcnstlerischer Kurs f\u00fcr Erwachsene - Anthroposophische Gesellschaft Bayreuth","robots":{"index":"index","follow":"follow","max-snippet":"max-snippet:-1","max-image-preview":"max-image-preview:large","max-video-preview":"max-video-preview:-1"},"canonical":"https:\/\/anthroposophie-bayreuth.de\/?page_id=481","og_locale":"de_DE","og_type":"article","og_title":"Eurythmie: K\u00fcnstlerischer Kurs f\u00fcr Erwachsene - Anthroposophische Gesellschaft Bayreuth","og_description":"Eurythmie f\u00fcr Erwachsene: Ku\u0308nstlerischer Kurs\u00a0und M\u00f6glichkeit zur Heileurythmie (Medizinisch-Therapeutisches) Termine auf Anfrage &nbsp; Rudolf Steiner Haus, Zeppelinstr. 18, 95448 Bayreuth &nbsp; &nbsp;","og_url":"https:\/\/anthroposophie-bayreuth.de\/?page_id=481","og_site_name":"Anthroposophische Gesellschaft Bayreuth","article_modified_time":"2026-01-06T09:56:42+00:00","twitter_card":"summary_large_image","twitter_misc":{"Gesch\u00e4tzte Lesezeit":"1\u00a0Minute"},"schema":{"@context":"https:\/\/schema.org","@graph":[{"@type":"WebPage","@id":"https:\/\/anthroposophie-bayreuth.de\/?page_id=481","url":"https:\/\/anthroposophie-bayreuth.de\/?page_id=481","name":"Eurythmie: K\u00fcnstlerischer Kurs f\u00fcr Erwachsene - Anthroposophische Gesellschaft Bayreuth","isPartOf":{"@id":"https:\/\/anthroposophie-bayreuth.de\/#website"},"datePublished":"2018-05-08T19:22:17+00:00","dateModified":"2026-01-06T09:56:42+00:00","breadcrumb":{"@id":"https:\/\/anthroposophie-bayreuth.de\/?page_id=481#breadcrumb"},"inLanguage":"de","potentialAction":[{"@type":"ReadAction","target":["https:\/\/anthroposophie-bayreuth.de\/?page_id=481"]}]},{"@type":"BreadcrumbList","@id":"https:\/\/anthroposophie-bayreuth.de\/?page_id=481#breadcrumb","itemListElement":[{"@type":"ListItem","position":1,"name":"Startseite","item":"https:\/\/anthroposophie-bayreuth.de\/"},{"@type":"ListItem","position":2,"name":"Eurythmie: K\u00fcnstlerischer Kurs f\u00fcr Erwachsene"}]},{"@type":"WebSite","@id":"https:\/\/anthroposophie-bayreuth.de\/#website","url":"https:\/\/anthroposophie-bayreuth.de\/","name":"Anthroposophische Gesellschaft Bayreuth","description":"Rudolf Steiner Haus","potentialAction":[{"@type":"SearchAction","target":{"@type":"EntryPoint","urlTemplate":"https:\/\/anthroposophie-bayreuth.de\/?s={search_term_string}"},"query-input":{"@type":"PropertyValueSpecification","valueRequired":true,"valueName":"search_term_string"}}],"inLanguage":"de"}]}},"_links":{"self":[{"href":"https:\/\/anthroposophie-bayreuth.de\/index.php?rest_route=\/wp\/v2\/pages\/481","targetHints":{"allow":["GET"]}}],"collection":[{"href":"https:\/\/anthroposophie-bayreuth.de\/index.php?rest_route=\/wp\/v2\/pages"}],"about":[{"href":"https:\/\/anthroposophie-bayreuth.de\/index.php?rest_route=\/wp\/v2\/types\/page"}],"author":[{"embeddable":true,"href":"https:\/\/anthroposophie-bayreuth.de\/index.php?rest_route=\/wp\/v2\/users\/1"}],"replies":[{"embeddable":true,"href":"https:\/\/anthroposophie-bayreuth.de\/index.php?rest_route=%2Fwp%2Fv2%2Fcomments&post=481"}],"version-history":[{"count":27,"href":"https:\/\/anthroposophie-bayreuth.de\/index.php?rest_route=\/wp\/v2\/pages\/481\/revisions"}],"predecessor-version":[{"id":3709,"href":"https:\/\/anthroposophie-bayreuth.de\/index.php?rest_route=\/wp\/v2\/pages\/481\/revisions\/3709"}],"wp:attachment":[{"href":"https:\/\/anthroposophie-bayreuth.de\/index.php?rest_route=%2Fwp%2Fv2%2Fmedia&parent=481"}],"curies":[{"name":"wp","href":"https:\/\/api.w.org\/{rel}","templated":true}]}}