{"id":38,"date":"2018-01-14T16:39:57","date_gmt":"2018-01-14T16:39:57","guid":{"rendered":"http:\/\/anthroposophie-bayreuth.de\/wp\/?page_id=38"},"modified":"2026-01-06T10:29:59","modified_gmt":"2026-01-06T10:29:59","slug":"home","status":"publish","type":"page","link":"https:\/\/anthroposophie-bayreuth.de\/","title":{"rendered":"Anthroposophische Gesellschaft Bayreuth"},"content":{"rendered":"<p>[et_pb_section fb_built=&#8220;1&#8243; _builder_version=&#8220;4.18.0&#8243; min_height=&#8220;1000px&#8220; height=&#8220;493px&#8220; custom_margin=&#8220;10px||||false|false&#8220; custom_padding=&#8220;10px||||false|false&#8220; global_colors_info=&#8220;{}&#8220;][et_pb_row _builder_version=&#8220;4.27.4&#8243; background_size=&#8220;initial&#8220; background_position=&#8220;top_left&#8220; background_repeat=&#8220;repeat&#8220; min_height=&#8220;10px&#8220; height=&#8220;10px&#8220; max_height=&#8220;10px&#8220; custom_padding=&#8220;10px||||false|false&#8220; global_colors_info=&#8220;{}&#8220;][et_pb_column type=&#8220;4_4&#8243; _builder_version=&#8220;4.16&#8243; custom_padding=&#8220;|||0px&#8220; global_colors_info=&#8220;{}&#8220; custom_padding__hover=&#8220;|||&#8220;][et_pb_divider show_divider=&#8220;off&#8220; _builder_version=&#8220;4.18.0&#8243; height=&#8220;10px&#8220; global_colors_info=&#8220;{}&#8220;][\/et_pb_divider][et_pb_text admin_label=&#8220;Text&#8220; _builder_version=&#8220;4.27.4&#8243; min_height=&#8220;50px&#8220; custom_margin=&#8220;||||false|false&#8220; custom_padding=&#8220;30px||0px||false|false&#8220; hover_enabled=&#8220;0&#8243; global_colors_info=&#8220;{}&#8220; sticky_enabled=&#8220;0&#8243;]<\/p>\n<h3><a href=\"https:\/\/anthroposophie-bayreuth.de\/?page_id=3632\"><span style=\"color: #3366ff;\"><strong>zum Programm Januar bis Juli 2026<\/strong><\/span><\/a><\/h3>\n<p>[\/et_pb_text][et_pb_image src=&#8220;https:\/\/anthroposophie-bayreuth.de\/wp-content\/uploads\/2018\/01\/Rudolf_Steiner_Haus_1.jpg&#8220; url=&#8220;https:\/\/anthroposophie-bayreuth.de\/?page_id=3186&#8243; align_tablet=&#8220;center&#8220; align_phone=&#8220;&#8220; align_last_edited=&#8220;on|desktop&#8220; _builder_version=&#8220;4.27.4&#8243; custom_margin=&#8220;0px||||false|false&#8220; custom_padding=&#8220;0px||||false|false&#8220; global_colors_info=&#8220;{}&#8220;]<\/p>\n<p>\n&nbsp;<\/p>\n<p>[\/et_pb_image][et_pb_text admin_label=&#8220;Text&#8220; _builder_version=&#8220;4.27.4&#8243; global_colors_info=&#8220;{}&#8220;]<\/p>\n<hr \/>\n<p>&nbsp;<\/p>\n<p><strong>Anthroposophie<\/strong> (griech.: anthropos = Mensch und sophia = Weisheit) hei\u00dft w\u00f6rtlich \u00fcbersetzt: \u201eWeisheit vom Menschen\u201c.<\/p>\n<p>Die <strong>Anthroposophische Gesellschaft<\/strong> pflegt und vertieft die von Rudolf Steiner entwickelte Geisteswissenschaft (Anthroposophie).<br \/>Durch \u00f6ffentliche Vortr\u00e4ge, Seminare und Kunstbetrachtungen k\u00f6nnen interessierte Menschen einen ersten Zugang zu der Anthroposophie finden. In der Mitgliederarbeit sowie in Arbeitsgruppen wird die Geisteswissenschaft erarbeitet. Dabei werden auch die Lebensfelder des Menschen wie Medizin, Pharmazie, Demeter-Landbau, P\u00e4dagogik und Kunst einbezogen. Zu den Veranstaltungen wird ein Unkostenbeitrag erhoben.<\/p>\n<p>Die <strong>Anthroposophische Gesellschaft in Bayreuth<\/strong> ist Teil der Deutschen Landesgesellschaft mit Sitz in Stuttgart, sowie der Weltgesellschaft, die ihren Mittelpunkt in der Freien Hochschule f\u00fcr Geisteswissenschaft am Goetheanum (Dornach\/Schweiz) hat.<\/p>\n<p>&nbsp;<\/p>\n<hr \/>\n<p>&nbsp;<\/p>\n<h3><a href=\"https:\/\/anthroposophie-bayreuth.de\/?page_id=3632\"><span style=\"color: #3366ff;\"><strong>zum Programm Januar bis Juli 2026<\/strong><\/span><\/a><\/h3>\n<p>&nbsp;<\/p>\n<p>&nbsp;<\/p>\n<p>[\/et_pb_text][\/et_pb_column][\/et_pb_row][\/et_pb_section]<\/p>\n","protected":false},"excerpt":{"rendered":"<p>zum Programm Januar bis Juli 2026 &nbsp; &nbsp; Anthroposophie (griech.: anthropos = Mensch und sophia = Weisheit) hei\u00dft w\u00f6rtlich \u00fcbersetzt: \u201eWeisheit vom Menschen\u201c. Die Anthroposophische Gesellschaft pflegt und vertieft die von Rudolf Steiner entwickelte Geisteswissenschaft (Anthroposophie).Durch \u00f6ffentliche Vortr\u00e4ge, Seminare und Kunstbetrachtungen k\u00f6nnen interessierte Menschen einen ersten Zugang zu der Anthroposophie finden. In der Mitgliederarbeit sowie [&hellip;]<\/p>\n","protected":false},"author":1,"featured_media":0,"parent":0,"menu_order":0,"comment_status":"closed","ping_status":"closed","template":"","meta":{"_et_pb_use_builder":"on","_et_pb_old_content":"","_et_gb_content_width":"","footnotes":""},"class_list":["post-38","page","type-page","status-publish","hentry"],"yoast_head":"<!-- This site is optimized with the Yoast SEO plugin v26.6 - https:\/\/yoast.com\/wordpress\/plugins\/seo\/ -->\n<title>Anthroposophische Gesellschaft Bayreuth -<\/title>\n<meta name=\"description\" content=\"Die Anthroposophische Gesellschaft pflegt und vertieft die von Rudolf Steiner entwickelte Geisteswissenschaft (Anthroposophie).Durch \u00f6ffentliche Vortr\u00e4ge, Seminare und Kunstbetrachtungen k\u00f6nnen interessierte Menschen einen ersten Zugang zu der Anthroposophie finden. In der Mitgliederarbeit sowie in Arbeitsgruppen wird die Geisteswissenschaft erarbeitet. Dabei werden auch die Lebensfelder des Menschen wie Medizin, Pharmazie, Demeter-Landbau, P\u00e4dagogik und Kunst einbezogen. Zu den Veranstaltungen wird ein Unkostenbeitrag erhoben.\" \/>\n<meta name=\"robots\" content=\"index, follow, max-snippet:-1, max-image-preview:large, max-video-preview:-1\" \/>\n<link rel=\"canonical\" href=\"https:\/\/anthroposophie-bayreuth.de\/\" \/>\n<meta property=\"og:locale\" content=\"de_DE\" \/>\n<meta property=\"og:type\" content=\"article\" \/>\n<meta property=\"og:title\" content=\"Anthroposophische Gesellschaft Bayreuth -\" \/>\n<meta property=\"og:description\" content=\"Die Anthroposophische Gesellschaft pflegt und vertieft die von Rudolf Steiner entwickelte Geisteswissenschaft (Anthroposophie).Durch \u00f6ffentliche Vortr\u00e4ge, Seminare und Kunstbetrachtungen k\u00f6nnen interessierte Menschen einen ersten Zugang zu der Anthroposophie finden. In der Mitgliederarbeit sowie in Arbeitsgruppen wird die Geisteswissenschaft erarbeitet. Dabei werden auch die Lebensfelder des Menschen wie Medizin, Pharmazie, Demeter-Landbau, P\u00e4dagogik und Kunst einbezogen. Zu den Veranstaltungen wird ein Unkostenbeitrag erhoben.\" \/>\n<meta property=\"og:url\" content=\"https:\/\/anthroposophie-bayreuth.de\/\" \/>\n<meta property=\"og:site_name\" content=\"Anthroposophische Gesellschaft Bayreuth\" \/>\n<meta property=\"article:modified_time\" content=\"2026-01-06T10:29:59+00:00\" \/>\n<meta name=\"twitter:card\" content=\"summary_large_image\" \/>\n<meta name=\"twitter:label1\" content=\"Gesch\u00e4tzte Lesezeit\" \/>\n\t<meta name=\"twitter:data1\" content=\"1\u00a0Minute\" \/>\n<script type=\"application\/ld+json\" class=\"yoast-schema-graph\">{\"@context\":\"https:\/\/schema.org\",\"@graph\":[{\"@type\":\"WebPage\",\"@id\":\"https:\/\/anthroposophie-bayreuth.de\/\",\"url\":\"https:\/\/anthroposophie-bayreuth.de\/\",\"name\":\"Anthroposophische Gesellschaft Bayreuth -\",\"isPartOf\":{\"@id\":\"https:\/\/anthroposophie-bayreuth.de\/#website\"},\"datePublished\":\"2018-01-14T16:39:57+00:00\",\"dateModified\":\"2026-01-06T10:29:59+00:00\",\"description\":\"Die Anthroposophische Gesellschaft pflegt und vertieft die von Rudolf Steiner entwickelte Geisteswissenschaft (Anthroposophie).Durch \u00f6ffentliche Vortr\u00e4ge, Seminare und Kunstbetrachtungen k\u00f6nnen interessierte Menschen einen ersten Zugang zu der Anthroposophie finden. In der Mitgliederarbeit sowie in Arbeitsgruppen wird die Geisteswissenschaft erarbeitet. Dabei werden auch die Lebensfelder des Menschen wie Medizin, Pharmazie, Demeter-Landbau, P\u00e4dagogik und Kunst einbezogen. Zu den Veranstaltungen wird ein Unkostenbeitrag erhoben.\",\"breadcrumb\":{\"@id\":\"https:\/\/anthroposophie-bayreuth.de\/#breadcrumb\"},\"inLanguage\":\"de\",\"potentialAction\":[{\"@type\":\"ReadAction\",\"target\":[\"https:\/\/anthroposophie-bayreuth.de\/\"]}]},{\"@type\":\"BreadcrumbList\",\"@id\":\"https:\/\/anthroposophie-bayreuth.de\/#breadcrumb\",\"itemListElement\":[{\"@type\":\"ListItem\",\"position\":1,\"name\":\"Startseite\",\"item\":\"https:\/\/anthroposophie-bayreuth.de\/\"},{\"@type\":\"ListItem\",\"position\":2,\"name\":\"Anthroposophische Gesellschaft Bayreuth\"}]},{\"@type\":\"WebSite\",\"@id\":\"https:\/\/anthroposophie-bayreuth.de\/#website\",\"url\":\"https:\/\/anthroposophie-bayreuth.de\/\",\"name\":\"Anthroposophische Gesellschaft Bayreuth\",\"description\":\"Rudolf Steiner Haus\",\"potentialAction\":[{\"@type\":\"SearchAction\",\"target\":{\"@type\":\"EntryPoint\",\"urlTemplate\":\"https:\/\/anthroposophie-bayreuth.de\/?s={search_term_string}\"},\"query-input\":{\"@type\":\"PropertyValueSpecification\",\"valueRequired\":true,\"valueName\":\"search_term_string\"}}],\"inLanguage\":\"de\"}]}<\/script>\n<!-- \/ Yoast SEO plugin. -->","yoast_head_json":{"title":"Anthroposophische Gesellschaft Bayreuth -","description":"Die Anthroposophische Gesellschaft pflegt und vertieft die von Rudolf Steiner entwickelte Geisteswissenschaft (Anthroposophie).Durch \u00f6ffentliche Vortr\u00e4ge, Seminare und Kunstbetrachtungen k\u00f6nnen interessierte Menschen einen ersten Zugang zu der Anthroposophie finden. In der Mitgliederarbeit sowie in Arbeitsgruppen wird die Geisteswissenschaft erarbeitet. Dabei werden auch die Lebensfelder des Menschen wie Medizin, Pharmazie, Demeter-Landbau, P\u00e4dagogik und Kunst einbezogen. Zu den Veranstaltungen wird ein Unkostenbeitrag erhoben.","robots":{"index":"index","follow":"follow","max-snippet":"max-snippet:-1","max-image-preview":"max-image-preview:large","max-video-preview":"max-video-preview:-1"},"canonical":"https:\/\/anthroposophie-bayreuth.de\/","og_locale":"de_DE","og_type":"article","og_title":"Anthroposophische Gesellschaft Bayreuth -","og_description":"Die Anthroposophische Gesellschaft pflegt und vertieft die von Rudolf Steiner entwickelte Geisteswissenschaft (Anthroposophie).Durch \u00f6ffentliche Vortr\u00e4ge, Seminare und Kunstbetrachtungen k\u00f6nnen interessierte Menschen einen ersten Zugang zu der Anthroposophie finden. In der Mitgliederarbeit sowie in Arbeitsgruppen wird die Geisteswissenschaft erarbeitet. Dabei werden auch die Lebensfelder des Menschen wie Medizin, Pharmazie, Demeter-Landbau, P\u00e4dagogik und Kunst einbezogen. Zu den Veranstaltungen wird ein Unkostenbeitrag erhoben.","og_url":"https:\/\/anthroposophie-bayreuth.de\/","og_site_name":"Anthroposophische Gesellschaft Bayreuth","article_modified_time":"2026-01-06T10:29:59+00:00","twitter_card":"summary_large_image","twitter_misc":{"Gesch\u00e4tzte Lesezeit":"1\u00a0Minute"},"schema":{"@context":"https:\/\/schema.org","@graph":[{"@type":"WebPage","@id":"https:\/\/anthroposophie-bayreuth.de\/","url":"https:\/\/anthroposophie-bayreuth.de\/","name":"Anthroposophische Gesellschaft Bayreuth -","isPartOf":{"@id":"https:\/\/anthroposophie-bayreuth.de\/#website"},"datePublished":"2018-01-14T16:39:57+00:00","dateModified":"2026-01-06T10:29:59+00:00","description":"Die Anthroposophische Gesellschaft pflegt und vertieft die von Rudolf Steiner entwickelte Geisteswissenschaft (Anthroposophie).Durch \u00f6ffentliche Vortr\u00e4ge, Seminare und Kunstbetrachtungen k\u00f6nnen interessierte Menschen einen ersten Zugang zu der Anthroposophie finden. In der Mitgliederarbeit sowie in Arbeitsgruppen wird die Geisteswissenschaft erarbeitet. Dabei werden auch die Lebensfelder des Menschen wie Medizin, Pharmazie, Demeter-Landbau, P\u00e4dagogik und Kunst einbezogen. Zu den Veranstaltungen wird ein Unkostenbeitrag erhoben.","breadcrumb":{"@id":"https:\/\/anthroposophie-bayreuth.de\/#breadcrumb"},"inLanguage":"de","potentialAction":[{"@type":"ReadAction","target":["https:\/\/anthroposophie-bayreuth.de\/"]}]},{"@type":"BreadcrumbList","@id":"https:\/\/anthroposophie-bayreuth.de\/#breadcrumb","itemListElement":[{"@type":"ListItem","position":1,"name":"Startseite","item":"https:\/\/anthroposophie-bayreuth.de\/"},{"@type":"ListItem","position":2,"name":"Anthroposophische Gesellschaft Bayreuth"}]},{"@type":"WebSite","@id":"https:\/\/anthroposophie-bayreuth.de\/#website","url":"https:\/\/anthroposophie-bayreuth.de\/","name":"Anthroposophische Gesellschaft Bayreuth","description":"Rudolf Steiner Haus","potentialAction":[{"@type":"SearchAction","target":{"@type":"EntryPoint","urlTemplate":"https:\/\/anthroposophie-bayreuth.de\/?s={search_term_string}"},"query-input":{"@type":"PropertyValueSpecification","valueRequired":true,"valueName":"search_term_string"}}],"inLanguage":"de"}]}},"_links":{"self":[{"href":"https:\/\/anthroposophie-bayreuth.de\/index.php?rest_route=\/wp\/v2\/pages\/38","targetHints":{"allow":["GET"]}}],"collection":[{"href":"https:\/\/anthroposophie-bayreuth.de\/index.php?rest_route=\/wp\/v2\/pages"}],"about":[{"href":"https:\/\/anthroposophie-bayreuth.de\/index.php?rest_route=\/wp\/v2\/types\/page"}],"author":[{"embeddable":true,"href":"https:\/\/anthroposophie-bayreuth.de\/index.php?rest_route=\/wp\/v2\/users\/1"}],"replies":[{"embeddable":true,"href":"https:\/\/anthroposophie-bayreuth.de\/index.php?rest_route=%2Fwp%2Fv2%2Fcomments&post=38"}],"version-history":[{"count":148,"href":"https:\/\/anthroposophie-bayreuth.de\/index.php?rest_route=\/wp\/v2\/pages\/38\/revisions"}],"predecessor-version":[{"id":3721,"href":"https:\/\/anthroposophie-bayreuth.de\/index.php?rest_route=\/wp\/v2\/pages\/38\/revisions\/3721"}],"wp:attachment":[{"href":"https:\/\/anthroposophie-bayreuth.de\/index.php?rest_route=%2Fwp%2Fv2%2Fmedia&parent=38"}],"curies":[{"name":"wp","href":"https:\/\/api.w.org\/{rel}","templated":true}]}}