{"id":1490,"date":"2020-07-25T14:04:09","date_gmt":"2020-07-25T14:04:09","guid":{"rendered":"https:\/\/anthroposophie-bayreuth.de\/?page_id=1490"},"modified":"2020-11-29T18:17:10","modified_gmt":"2020-11-29T18:17:10","slug":"september-dezember-2020","status":"publish","type":"page","link":"https:\/\/anthroposophie-bayreuth.de\/?page_id=1490","title":{"rendered":"September \u2013 Dezember 2020"},"content":{"rendered":"<p>[et_pb_section fb_built=&#8220;1&#8243; _builder_version=&#8220;4.0.10&#8243; custom_margin=&#8220;0px||0px|&#8220; custom_padding=&#8220;0px||0px|&#8220; collapsed=&#8220;on&#8220;][et_pb_row _builder_version=&#8220;4.0.10&#8243; custom_margin=&#8220;0px|||&#8220; custom_padding=&#8220;0px|||&#8220; collapsed=&#8220;on&#8220;][et_pb_column type=&#8220;4_4&#8243; _builder_version=&#8220;3.25&#8243; custom_padding=&#8220;|||&#8220; custom_padding__hover=&#8220;|||&#8220;][et_pb_divider show_divider=&#8220;off&#8220; _builder_version=&#8220;3.18.7&#8243; height=&#8220;4px&#8220;]<\/p>\n<p>[\/et_pb_divider][\/et_pb_column][\/et_pb_row][\/et_pb_section][et_pb_section fb_built=&#8220;1&#8243; _builder_version=&#8220;3.22&#8243; custom_margin=&#8220;||0px|&#8220; custom_padding=&#8220;41px||0px||false|false&#8220; collapsed=&#8220;on&#8220;][et_pb_row _builder_version=&#8220;3.25&#8243; custom_margin=&#8220;||0px|&#8220; custom_padding=&#8220;||0px|&#8220; collapsed=&#8220;on&#8220;][et_pb_column type=&#8220;4_4&#8243; _builder_version=&#8220;3.25&#8243; custom_padding=&#8220;|||&#8220; custom_padding__hover=&#8220;|||&#8220;][et_pb_text _builder_version=&#8220;3.27.4&#8243; custom_margin=&#8220;0px||0px|&#8220; custom_padding=&#8220;0px||0px|&#8220;]<\/p>\n<h4><strong>Veranstaltungen im 2. Halbjahr 2020<br \/><\/strong><\/h4>\n<p>[\/et_pb_text][\/et_pb_column][\/et_pb_row][\/et_pb_section][et_pb_section fb_built=&#8220;1&#8243; fullwidth=&#8220;on&#8220; _builder_version=&#8220;3.22&#8243; collapsed=&#8220;on&#8220;][et_pb_fullwidth_menu menu_id=&#8220;16&#8243; submenu_direction=&#8220;downwards&#8220; fullwidth_menu=&#8220;off&#8220; active_link_color=&#8220;#0c71c3&#8243; _builder_version=&#8220;4.0.10&#8243; menu_font=&#8220;|700|||||||&#8220; menu_text_color=&#8220;#0c71c3&#8243;]<\/p>\n<p>[\/et_pb_fullwidth_menu][\/et_pb_section][et_pb_section fb_built=&#8220;1&#8243; _builder_version=&#8220;3.22&#8243; custom_padding=&#8220;1px|0px|105px|0px|false|false&#8220;][et_pb_row _builder_version=&#8220;4.0.10&#8243; background_size=&#8220;initial&#8220; background_position=&#8220;top_left&#8220; background_repeat=&#8220;repeat&#8220; width=&#8220;81.7%&#8220; custom_margin=&#8220;|auto||121px||&#8220; custom_padding=&#8220;34px|||||&#8220; collapsed=&#8220;off&#8220;][et_pb_column type=&#8220;4_4&#8243; _builder_version=&#8220;3.25&#8243; custom_padding=&#8220;|||&#8220; custom_padding__hover=&#8220;|||&#8220;][et_pb_text admin_label=&#8220;Text&#8220; _builder_version=&#8220;4.7.4&#8243; text_text_color=&#8220;#003399&#8243; text_font_size=&#8220;12px&#8220; custom_margin=&#8220;|||-6px||&#8220; hover_enabled=&#8220;0&#8243; border_color_all=&#8220;rgba(0,0,0,0.52)&#8220; sticky_enabled=&#8220;0&#8243;]<\/p>\n<hr \/>\n<p>&nbsp;<\/p>\n<p><strong>Zweigabend<\/strong><br \/>montags: 19.30 Uhr<br \/>Beginn: 07. September 2020<\/p>\n<p><b>Ein Weg zur <\/b><b>Selbsterkenntnis des<\/b><b> Menschen in 8 Meditationen <\/b>(GA 16)<\/p>\n<p>Leitung: Sylvia Raab<\/p>\n<p>&nbsp;<\/p>\n<hr \/>\n<p>&nbsp;<\/p>\n<p><strong>Hochschularbeit (nur f\u00fcr Klassenmitglieder)<\/strong><br \/>Blaue Karte erforderlich<br \/>Termine auf Anfrage<\/p>\n<p>&nbsp;<\/p>\n<hr \/>\n<p>&nbsp;<\/p>\n<p><strong>Medizinisch-Pharmazeutische Arbeitsgruppe f\u00fcr \u00c4rzte und Pharmazeuten<\/strong><br \/>freitags, 20.00 Uhr<br \/>Beginn: 11. September 2020<\/p>\n<p>Arbeit an<br \/><strong>Geisteswissenschaft und Medizin<\/strong><br \/>(GA 312, 1. und 2. Vortrag)<br \/>Ansprechpartnerin: PD Dr. Bettina Pfannm\u00fcller<\/p>\n<p>Weitere Termine: 23.10.2020, 27.11.2020<\/p>\n<p>Anmeldung: Tel.: 0921\/5167018<\/p>\n<p>&nbsp;<\/p>\n<p><strong>Neue Teilnehmer sind herzlich willkommen!<\/strong><\/p>\n<p>&nbsp;<\/p>\n<hr \/>\n<p>&nbsp;<\/p>\n<p><strong>Veranstaltungen<\/strong><br \/>alle Veranstaltungen sind \u00f6ffentlich und finden statt in der Anthroposophischen Gesellschaft Bayreuth, Rudolf Steiner Haus, Zeppelinstr. 18, 95444 Bayreuth<\/p>\n<p>&nbsp;<\/p>\n<p>W\u00e4hrend der Schulferien finden keine Veranstaltungen statt.<\/p>\n<p>&nbsp;<\/p>\n<p>&nbsp;<\/p>\n<hr \/>\n<p>&nbsp;<\/p>\n<h2 id=\"september_2019\">\u00a0<\/h2>\n<p>&nbsp;<\/p>\n<h2>September<\/h2>\n<p>&nbsp;<\/p>\n<p>&nbsp;<\/p>\n<p><strong>Medizinisch-Pharmazeutische Arbeitsgruppe f\u00fcr \u00c4rzte und Pharmazeuten<\/strong><br \/>Freitag, 11. September 2020, 20.00 Uhr<\/p>\n<p>Arbeit an<br \/><strong>Geisteswissenschaft und Medizin<\/strong><br \/>(GA 312)<\/p>\n<p>Anmeldung unter Tel.: 0921\/5167018<\/p>\n<p>N\u00e4heres siehe <a href=\"https:\/\/anthroposophie-bayreuth.de\/?page_id=489\">Medizinische Arbeitsgruppe <\/a><\/p>\n<p>&nbsp;<\/p>\n<p>&nbsp;<\/p>\n<p>Freitag, 25. September 2020<br \/>14.00 \u2013 17.00 Uhr<br \/><strong>Anthroposophische Privatsprechstunde<\/strong><\/p>\n<p>mit Dr. Andreas Goyert, Internist, Filderklinik, Filderstadt<\/p>\n<p>Anmeldung zur Sprechstunde unter Tel.: 0921\/5167019 (AB mit R\u00fcckruf)<\/p>\n<p>&nbsp;<\/p>\n<p>&nbsp;<\/p>\n<h5><strong>MICHAELI-TAGUNG 2020<\/strong><\/h5>\n<h5>mit Dr. Andreas Goyert, Internist, Filderklinik, Filderstadt<\/h5>\n<p>&nbsp;<\/p>\n<p>Freitag, 25. September 2020<br \/>20.00 Uhr, Vortrag:<br \/><strong>Unser Immunsystem und die besondere Bedeutung des Eisens<br \/><\/strong><\/p>\n<p>Gerade in der jetzigen Zeit der Coronapandemie wird deutlich, welche Bedeutung Gesundheit und Krankheit f\u00fcr den Einzelnen, aber auch f\u00fcr die Gesellschaft und die gesamte Menschheit hat. Einerseits versucht man die Krankheit und ihren Ausl\u00f6ser &#8211; das\u00a0 Virus &#8211; zu meiden, indem man durch Kontaktsperre ihr aus dem Weg zu gehen versucht, andererseits wird fieberhaft nach einem Impfstoff gesucht, damit der Organismus gegen\u00fcber dem Virus und der Krankheit gewappnet ist. Weniger wird auf die nat\u00fcrliche F\u00e4higkeit unseres Immunsystems geschaut, vor Krankheiten zu sch\u00fctzen, bzw. diese zu \u00fcberwinden; und vor allem wird nicht beachtet wie diese unterst\u00fctzt und gef\u00f6rdert werden k\u00f6nnen. Im Vortrag und Seminar wollen wir diese F\u00e4higkeit unseres Immunsystems n\u00e4her betrachten und dabei insbesondere auch der Bedeutung des Eisens Aufmerksamkeit schenken.<\/p>\n<p>Referent: Dr. Andreas Goyert, Internist, Filderklinik, Filderstadt<\/p>\n<p>&nbsp;<\/p>\n<p>Samstag, 26. September 2020<br \/>10.00 Uhr, Seminar:<br \/><strong>Zum Thema des Vorabends<\/strong><\/p>\n<p>&nbsp;<\/p>\n<p>12.00 \u2013 14.30 Uhr<br \/><strong>Mittagspause<\/strong> (au\u00dfer Haus)<\/p>\n<p>&nbsp;<\/p>\n<p>&nbsp;<\/p>\n<p><a href=\"https:\/\/anthroposophie-bayreuth.de\/wp-content\/uploads\/2020\/07\/Ruth_Rojahn.jpg\"><img loading=\"lazy\" decoding=\"async\" class=\"wp-image-1537 alignnone size-medium\" src=\"https:\/\/anthroposophie-bayreuth.de\/wp-content\/uploads\/2020\/07\/Ruth_Rojahn-300x208.jpg\" alt=\"\" width=\"300\" height=\"208\" \/><\/a><\/p>\n<p>Samstag, 26. September 2020, 14.30 Uhr<br \/><strong>Harfenkonzert<\/strong><br \/>Solistin: Ruth Rojahn<\/p>\n<ul>\n<li>geboren im Taunus, seit dem Alter von f\u00fcnf Jahren Musikunterricht, zun\u00e4chst Klavier und Geige, dann Harfe<\/li>\n<li>Jungstudentin an der Musikhochschule Hannover, dann Konzertfachstudentin an der Universit\u00e4t f\u00fcr Musik in Wien<\/li>\n<li>Solistendiplom mit Auszeichnung<\/li>\n<li>seit 2003 Solo-Harfenistin der Hofer Symphoniker<\/li>\n<li>Konzertt\u00e4tigkeiten im In- und Ausland, solistisch und mit Orchestern wie d. Wiener Philharmonikern, Gewandhausorchester Leipzig, Bamberger Symphoniker u. anderen<\/li>\n<\/ul>\n<p><strong>Konzertprogramm<\/strong><\/p>\n<ul>\n<li>C. Ph. E. Bach (1714-1788): Sonate f\u00fcr Harfe in G-Dur I. Allegro II. Adagio un poco<\/li>\n<li>F. J. Nadermann (1781-1835): Sonate Nr. 5 F-Dur I. Allegro maestoso II. Tempo di minuetto<\/li>\n<li>F. Mendelssohn-Bartholdy (1809-1847): Lied ohne Worte<\/li>\n<li>E. Parish-Alvars (1808-1849): Serenade<\/li>\n<li>John Thomas (1826-1913): The Minstrel\u00b4s Adieu to his native land<\/li>\n<li>Hasselmans (1845-1912): La Source<\/li>\n<li>E. Grieg (1843-1907): V\u00f6glein<\/li>\n<li>L. Spohr (1784-1859): Fantasie c-moll<\/li>\n<\/ul>\n<p>&nbsp;<\/p>\n<p>&nbsp;<\/p>\n<p>Samstag, 26. September 2020, 18.00 Uhr<\/p>\n<p><strong>Hochschularbeit<\/strong><br \/>im Rahmen der Michaeli-Tagung der Anthroposophischen Gesellschaft Bayreuth,<br \/>Einladung fu\u0308r Zweig- und Hochschulmitglieder<\/p>\n<p><strong>Eine Betrachtung zu Michaeli \u2013 Michaels Wirken in der Gegenwart<\/strong><br \/>Einf\u00fchrung mit einem Blick auf den Weg der Klassenstunden<\/p>\n<p>Referentin: Christa Pfannm\u00fcller, Bayreuth<\/p>\n<p>Weitere Termine der Klassenstunden einmal monatlich<br \/>in Absprache mit den Hochschulmitgliedern<\/p>\n<p>&nbsp;<\/p>\n<p><strong>Ausblick auf 2021:<\/strong><\/p>\n<p>Samstag, 13. M\u00e4rz, 10.00 Uhr<br \/>Vortrag:<\/p>\n<p><strong>Das Verh\u00e4ltnis der ersten Klasse zu den Griechischen Mysterien<\/strong><br \/>Prof. Dr. Harald Schwaetzer, Kueser Akademie<\/p>\n<p>&nbsp;<\/p>\n<p>&nbsp;<\/p>\n<p>&nbsp;<\/p>\n<hr \/>\n<p>&nbsp;<\/p>\n<h2 id=\"oktober_2019\">\u00a0<\/h2>\n<p>&nbsp;<\/p>\n<h2>Oktober<\/h2>\n<p>&nbsp;<\/p>\n<p><strong>Medizinisch-Pharmazeutische Arbeitsgruppe f\u00fcr \u00c4rzte und Pharmazeuten<\/strong><br \/>Freitag, 23. Oktober 2020, 20.00 Uhr<\/p>\n<p>Arbeit an<br \/><strong>Geisteswissenschaft und Medizin<\/strong><br \/>(GA 312)<\/p>\n<p>Anmeldung unter Tel.: 0921\/5167018<\/p>\n<p>N\u00e4heres siehe <a href=\"https:\/\/anthroposophie-bayreuth.de\/?page_id=489\">Medizinische Arbeitsgruppe <\/a><\/p>\n<p>&nbsp;<\/p>\n<p>&nbsp;<\/p>\n<hr \/>\n<h2 id=\"november_2019\">\u00a0<\/h2>\n<p>&nbsp;<\/p>\n<p>&nbsp;<\/p>\n<h2>November<\/h2>\n<p>&nbsp;<\/p>\n<p>&nbsp;<\/p>\n<p><strong>Samstag, 14. November\u00a0 &amp; Sonntag, 15. November 2020<\/strong><\/p>\n<p>Mitwirkung an der Veranstaltung<br \/><strong>\u201eBayreuther Dialoge\u201c<\/strong><br \/>Thema: Grenzen<br \/>der Universit\u00e4t Bayreuth Fakult\u00e4t \u201ePhilosophy and Economics\u201c<\/p>\n<p><a href=\"https:\/\/bayreuther-dialoge.de\">https:\/\/bayreuther-dialoge.de<\/a><\/p>\n<p>Prof. Dr. Wilfried Sommer \u2013 Kassel<\/p>\n<p>&nbsp;<\/p>\n<p>&nbsp;<\/p>\n<p><strong>Medizinisch-Pharmazeutische Arbeitsgruppe f\u00fcr \u00c4rzte und Pharmazeuten<\/strong><span style=\"color: #800000;\"> (Termin entf\u00e4llt)<\/span><br \/>Freitag, 27. November 2020, 20.00 Uhr<\/p>\n<p>Arbeit an<br \/><strong>Geisteswissenschaft und Medizin<\/strong><br \/>(GA 312, 1. und 2. Vortrag)<\/p>\n<p>Anmeldung unter Tel.: 0921\/5167018<\/p>\n<p>N\u00e4heres siehe <a href=\"https:\/\/anthroposophie-bayreuth.de\/?page_id=489\">Medizinische Arbeitsgruppe <\/a><\/p>\n<p>&nbsp;<\/p>\n<p>&nbsp;<\/p>\n<hr \/>\n<h2 id=\"dezember_2019\">\u00a0<\/h2>\n<p>&nbsp;<\/p>\n<p>&nbsp;<\/p>\n<h2>Dezember<\/h2>\n<p>&nbsp;<\/p>\n<p>Sonntag, 13. Dezember 2020 <span style=\"color: #993366;\">(Termin entf\u00e4llt)<\/span><br \/>17.00 Uhr<\/p>\n<p><strong>Hochschularbeit Bayreuth<br \/><\/strong><\/p>\n<p><strong>Lesung der Klassenstunden<\/strong><\/p>\n<p>&nbsp;<\/p>\n<p>&nbsp;<\/p>\n<p>Montag, 14. Dezember 2020 <span style=\"color: #993366;\">(Termin entf\u00e4llt)<\/span><br \/>19.30 Uhr<\/p>\n<p><strong>Lesung der Weihnachts-Imagination<\/strong><\/p>\n<p>&nbsp;<\/p>\n<p>&nbsp;<\/p>\n<p>&nbsp;<\/p>\n<hr \/>\n<p>&nbsp;<\/p>\n<p><a href=\"https:\/\/anthroposophie-bayreuth.de\/wp-content\/uploads\/2020\/07\/Titelseite_Programm_2Hj_2020.png\"><img loading=\"lazy\" decoding=\"async\" class=\"alignnone wp-image-1560 size-medium\" src=\"https:\/\/anthroposophie-bayreuth.de\/wp-content\/uploads\/2020\/07\/Titelseite_Programm_2Hj_2020-212x300.png\" alt=\"Veranstaltungen August \u2013 Dezember 2020\" width=\"212\" height=\"300\" \/><\/a><\/p>\n<p><a href=\"https:\/\/anthroposophie-bayreuth.de\/wp-content\/uploads\/2020\/07\/Programm_Aug-Dez_2020.pdf\" target=\"_blank\" rel=\"attachment noopener wp-att-1561 noreferrer\">Programm_Aug-Dez_2020 PDF Download<\/a><\/p>\n<p>[\/et_pb_text][\/et_pb_column][\/et_pb_row][\/et_pb_section]<\/p>\n","protected":false},"excerpt":{"rendered":"<p>Veranstaltungen im 2. Halbjahr 2020 &nbsp; Zweigabendmontags: 19.30 UhrBeginn: 07. September 2020 Ein Weg zur Selbsterkenntnis des Menschen in 8 Meditationen (GA 16) Leitung: Sylvia Raab &nbsp; &nbsp; Hochschularbeit (nur f\u00fcr Klassenmitglieder)Blaue Karte erforderlichTermine auf Anfrage &nbsp; &nbsp; Medizinisch-Pharmazeutische Arbeitsgruppe f\u00fcr \u00c4rzte und Pharmazeutenfreitags, 20.00 UhrBeginn: 11. September 2020 Arbeit anGeisteswissenschaft und Medizin(GA 312, 1. [&hellip;]<\/p>\n","protected":false},"author":1,"featured_media":0,"parent":0,"menu_order":0,"comment_status":"closed","ping_status":"closed","template":"","meta":{"_et_pb_use_builder":"on","_et_pb_old_content":"","_et_gb_content_width":"","footnotes":""},"class_list":["post-1490","page","type-page","status-publish","hentry"],"yoast_head":"<!-- This site is optimized with the Yoast SEO plugin v26.6 - https:\/\/yoast.com\/wordpress\/plugins\/seo\/ -->\n<title>September \u2013 Dezember 2020 - Anthroposophische Gesellschaft Bayreuth<\/title>\n<meta name=\"robots\" content=\"index, follow, max-snippet:-1, max-image-preview:large, max-video-preview:-1\" \/>\n<link rel=\"canonical\" href=\"https:\/\/anthroposophie-bayreuth.de\/?page_id=1490\" \/>\n<meta property=\"og:locale\" content=\"de_DE\" \/>\n<meta property=\"og:type\" content=\"article\" \/>\n<meta property=\"og:title\" content=\"September \u2013 Dezember 2020 - Anthroposophische Gesellschaft Bayreuth\" \/>\n<meta property=\"og:description\" content=\"Veranstaltungen im 2. Halbjahr 2020 &nbsp; Zweigabendmontags: 19.30 UhrBeginn: 07. September 2020 Ein Weg zur Selbsterkenntnis des Menschen in 8 Meditationen (GA 16) Leitung: Sylvia Raab &nbsp; &nbsp; Hochschularbeit (nur f\u00fcr Klassenmitglieder)Blaue Karte erforderlichTermine auf Anfrage &nbsp; &nbsp; Medizinisch-Pharmazeutische Arbeitsgruppe f\u00fcr \u00c4rzte und Pharmazeutenfreitags, 20.00 UhrBeginn: 11. September 2020 Arbeit anGeisteswissenschaft und Medizin(GA 312, 1. [&hellip;]\" \/>\n<meta property=\"og:url\" content=\"https:\/\/anthroposophie-bayreuth.de\/?page_id=1490\" \/>\n<meta property=\"og:site_name\" content=\"Anthroposophische Gesellschaft Bayreuth\" \/>\n<meta property=\"article:modified_time\" content=\"2020-11-29T18:17:10+00:00\" \/>\n<meta property=\"og:image\" content=\"https:\/\/anthroposophie-bayreuth.de\/wp-content\/uploads\/2020\/07\/Ruth_Rojahn-300x208.jpg\" \/>\n<meta name=\"twitter:card\" content=\"summary_large_image\" \/>\n<meta name=\"twitter:label1\" content=\"Gesch\u00e4tzte Lesezeit\" \/>\n\t<meta name=\"twitter:data1\" content=\"5\u00a0Minuten\" \/>\n<script type=\"application\/ld+json\" class=\"yoast-schema-graph\">{\"@context\":\"https:\/\/schema.org\",\"@graph\":[{\"@type\":\"WebPage\",\"@id\":\"https:\/\/anthroposophie-bayreuth.de\/?page_id=1490\",\"url\":\"https:\/\/anthroposophie-bayreuth.de\/?page_id=1490\",\"name\":\"September \u2013 Dezember 2020 - Anthroposophische Gesellschaft Bayreuth\",\"isPartOf\":{\"@id\":\"https:\/\/anthroposophie-bayreuth.de\/#website\"},\"primaryImageOfPage\":{\"@id\":\"https:\/\/anthroposophie-bayreuth.de\/?page_id=1490#primaryimage\"},\"image\":{\"@id\":\"https:\/\/anthroposophie-bayreuth.de\/?page_id=1490#primaryimage\"},\"thumbnailUrl\":\"https:\/\/anthroposophie-bayreuth.de\/wp-content\/uploads\/2020\/07\/Ruth_Rojahn-300x208.jpg\",\"datePublished\":\"2020-07-25T14:04:09+00:00\",\"dateModified\":\"2020-11-29T18:17:10+00:00\",\"breadcrumb\":{\"@id\":\"https:\/\/anthroposophie-bayreuth.de\/?page_id=1490#breadcrumb\"},\"inLanguage\":\"de\",\"potentialAction\":[{\"@type\":\"ReadAction\",\"target\":[\"https:\/\/anthroposophie-bayreuth.de\/?page_id=1490\"]}]},{\"@type\":\"ImageObject\",\"inLanguage\":\"de\",\"@id\":\"https:\/\/anthroposophie-bayreuth.de\/?page_id=1490#primaryimage\",\"url\":\"https:\/\/anthroposophie-bayreuth.de\/wp-content\/uploads\/2020\/07\/Ruth_Rojahn.jpg\",\"contentUrl\":\"https:\/\/anthroposophie-bayreuth.de\/wp-content\/uploads\/2020\/07\/Ruth_Rojahn.jpg\",\"width\":591,\"height\":410},{\"@type\":\"BreadcrumbList\",\"@id\":\"https:\/\/anthroposophie-bayreuth.de\/?page_id=1490#breadcrumb\",\"itemListElement\":[{\"@type\":\"ListItem\",\"position\":1,\"name\":\"Startseite\",\"item\":\"https:\/\/anthroposophie-bayreuth.de\/\"},{\"@type\":\"ListItem\",\"position\":2,\"name\":\"September \u2013 Dezember 2020\"}]},{\"@type\":\"WebSite\",\"@id\":\"https:\/\/anthroposophie-bayreuth.de\/#website\",\"url\":\"https:\/\/anthroposophie-bayreuth.de\/\",\"name\":\"Anthroposophische Gesellschaft Bayreuth\",\"description\":\"Rudolf Steiner Haus\",\"potentialAction\":[{\"@type\":\"SearchAction\",\"target\":{\"@type\":\"EntryPoint\",\"urlTemplate\":\"https:\/\/anthroposophie-bayreuth.de\/?s={search_term_string}\"},\"query-input\":{\"@type\":\"PropertyValueSpecification\",\"valueRequired\":true,\"valueName\":\"search_term_string\"}}],\"inLanguage\":\"de\"}]}<\/script>\n<!-- \/ Yoast SEO plugin. -->","yoast_head_json":{"title":"September \u2013 Dezember 2020 - Anthroposophische Gesellschaft Bayreuth","robots":{"index":"index","follow":"follow","max-snippet":"max-snippet:-1","max-image-preview":"max-image-preview:large","max-video-preview":"max-video-preview:-1"},"canonical":"https:\/\/anthroposophie-bayreuth.de\/?page_id=1490","og_locale":"de_DE","og_type":"article","og_title":"September \u2013 Dezember 2020 - Anthroposophische Gesellschaft Bayreuth","og_description":"Veranstaltungen im 2. Halbjahr 2020 &nbsp; Zweigabendmontags: 19.30 UhrBeginn: 07. September 2020 Ein Weg zur Selbsterkenntnis des Menschen in 8 Meditationen (GA 16) Leitung: Sylvia Raab &nbsp; &nbsp; Hochschularbeit (nur f\u00fcr Klassenmitglieder)Blaue Karte erforderlichTermine auf Anfrage &nbsp; &nbsp; Medizinisch-Pharmazeutische Arbeitsgruppe f\u00fcr \u00c4rzte und Pharmazeutenfreitags, 20.00 UhrBeginn: 11. September 2020 Arbeit anGeisteswissenschaft und Medizin(GA 312, 1. [&hellip;]","og_url":"https:\/\/anthroposophie-bayreuth.de\/?page_id=1490","og_site_name":"Anthroposophische Gesellschaft Bayreuth","article_modified_time":"2020-11-29T18:17:10+00:00","og_image":[{"url":"https:\/\/anthroposophie-bayreuth.de\/wp-content\/uploads\/2020\/07\/Ruth_Rojahn-300x208.jpg","type":"","width":"","height":""}],"twitter_card":"summary_large_image","twitter_misc":{"Gesch\u00e4tzte Lesezeit":"5\u00a0Minuten"},"schema":{"@context":"https:\/\/schema.org","@graph":[{"@type":"WebPage","@id":"https:\/\/anthroposophie-bayreuth.de\/?page_id=1490","url":"https:\/\/anthroposophie-bayreuth.de\/?page_id=1490","name":"September \u2013 Dezember 2020 - Anthroposophische Gesellschaft Bayreuth","isPartOf":{"@id":"https:\/\/anthroposophie-bayreuth.de\/#website"},"primaryImageOfPage":{"@id":"https:\/\/anthroposophie-bayreuth.de\/?page_id=1490#primaryimage"},"image":{"@id":"https:\/\/anthroposophie-bayreuth.de\/?page_id=1490#primaryimage"},"thumbnailUrl":"https:\/\/anthroposophie-bayreuth.de\/wp-content\/uploads\/2020\/07\/Ruth_Rojahn-300x208.jpg","datePublished":"2020-07-25T14:04:09+00:00","dateModified":"2020-11-29T18:17:10+00:00","breadcrumb":{"@id":"https:\/\/anthroposophie-bayreuth.de\/?page_id=1490#breadcrumb"},"inLanguage":"de","potentialAction":[{"@type":"ReadAction","target":["https:\/\/anthroposophie-bayreuth.de\/?page_id=1490"]}]},{"@type":"ImageObject","inLanguage":"de","@id":"https:\/\/anthroposophie-bayreuth.de\/?page_id=1490#primaryimage","url":"https:\/\/anthroposophie-bayreuth.de\/wp-content\/uploads\/2020\/07\/Ruth_Rojahn.jpg","contentUrl":"https:\/\/anthroposophie-bayreuth.de\/wp-content\/uploads\/2020\/07\/Ruth_Rojahn.jpg","width":591,"height":410},{"@type":"BreadcrumbList","@id":"https:\/\/anthroposophie-bayreuth.de\/?page_id=1490#breadcrumb","itemListElement":[{"@type":"ListItem","position":1,"name":"Startseite","item":"https:\/\/anthroposophie-bayreuth.de\/"},{"@type":"ListItem","position":2,"name":"September \u2013 Dezember 2020"}]},{"@type":"WebSite","@id":"https:\/\/anthroposophie-bayreuth.de\/#website","url":"https:\/\/anthroposophie-bayreuth.de\/","name":"Anthroposophische Gesellschaft Bayreuth","description":"Rudolf Steiner Haus","potentialAction":[{"@type":"SearchAction","target":{"@type":"EntryPoint","urlTemplate":"https:\/\/anthroposophie-bayreuth.de\/?s={search_term_string}"},"query-input":{"@type":"PropertyValueSpecification","valueRequired":true,"valueName":"search_term_string"}}],"inLanguage":"de"}]}},"_links":{"self":[{"href":"https:\/\/anthroposophie-bayreuth.de\/index.php?rest_route=\/wp\/v2\/pages\/1490","targetHints":{"allow":["GET"]}}],"collection":[{"href":"https:\/\/anthroposophie-bayreuth.de\/index.php?rest_route=\/wp\/v2\/pages"}],"about":[{"href":"https:\/\/anthroposophie-bayreuth.de\/index.php?rest_route=\/wp\/v2\/types\/page"}],"author":[{"embeddable":true,"href":"https:\/\/anthroposophie-bayreuth.de\/index.php?rest_route=\/wp\/v2\/users\/1"}],"replies":[{"embeddable":true,"href":"https:\/\/anthroposophie-bayreuth.de\/index.php?rest_route=%2Fwp%2Fv2%2Fcomments&post=1490"}],"version-history":[{"count":49,"href":"https:\/\/anthroposophie-bayreuth.de\/index.php?rest_route=\/wp\/v2\/pages\/1490\/revisions"}],"predecessor-version":[{"id":1686,"href":"https:\/\/anthroposophie-bayreuth.de\/index.php?rest_route=\/wp\/v2\/pages\/1490\/revisions\/1686"}],"wp:attachment":[{"href":"https:\/\/anthroposophie-bayreuth.de\/index.php?rest_route=%2Fwp%2Fv2%2Fmedia&parent=1490"}],"curies":[{"name":"wp","href":"https:\/\/api.w.org\/{rel}","templated":true}]}}