{"id":1075,"date":"2019-07-07T14:56:42","date_gmt":"2019-07-07T14:56:42","guid":{"rendered":"https:\/\/anthroposophie-bayreuth.de\/?page_id=1075"},"modified":"2019-11-13T20:04:10","modified_gmt":"2019-11-13T20:04:10","slug":"september-dezember-2019","status":"publish","type":"page","link":"https:\/\/anthroposophie-bayreuth.de\/?page_id=1075","title":{"rendered":"September \u2013 Dezember 2019"},"content":{"rendered":"<p>[et_pb_section bb_built=&#8220;1&#8243; _builder_version=&#8220;3.2.2&#8243; custom_margin=&#8220;0px||0px|&#8220; custom_padding=&#8220;0px||0px|&#8220; next_background_color=&#8220;#000000&#8243;][et_pb_row custom_padding=&#8220;0px|||&#8220; custom_margin=&#8220;0px|||&#8220; _builder_version=&#8220;3.2.2&#8243;][et_pb_column type=&#8220;4_4&#8243;][et_pb_divider show_divider=&#8220;off&#8220; height=&#8220;4px&#8220; _builder_version=&#8220;3.18.7&#8243;]<\/p>\n<p>[\/et_pb_divider][\/et_pb_column][\/et_pb_row][\/et_pb_section][et_pb_section bb_built=&#8220;1&#8243; _builder_version=&#8220;3.2.2&#8243; custom_margin=&#8220;||0px|&#8220; custom_padding=&#8220;41px||0px||false|false&#8220; prev_background_color=&#8220;#000000&#8243; next_background_color=&#8220;#000000&#8243;][et_pb_row custom_padding=&#8220;||0px|&#8220; custom_margin=&#8220;||0px|&#8220; _builder_version=&#8220;3.2.2&#8243;][et_pb_column type=&#8220;4_4&#8243;][et_pb_text _builder_version=&#8220;3.18.7&#8243; custom_margin=&#8220;0px||0px|&#8220; custom_padding=&#8220;0px||0px|&#8220;]<\/p>\n<h4><strong>Veranstaltungen im 2. Halbjahr 2019<br \/><\/strong><\/h4>\n<p>[\/et_pb_text][\/et_pb_column][\/et_pb_row][\/et_pb_section][et_pb_section bb_built=&#8220;1&#8243; fullwidth=&#8220;on&#8220; _builder_version=&#8220;3.0.47&#8243; prev_background_color=&#8220;#000000&#8243; next_background_color=&#8220;#000000&#8243;][et_pb_fullwidth_menu menu_id=&#8220;16&#8243; submenu_direction=&#8220;downwards&#8220; fullwidth_menu=&#8220;off&#8220; active_link_color=&#8220;#0c71c3&#8243; _builder_version=&#8220;3.18.7&#8243; menu_font=&#8220;|700|||||||&#8220; menu_text_color=&#8220;#0c71c3&#8243;]<\/p>\n<p>[\/et_pb_fullwidth_menu][\/et_pb_section][et_pb_section bb_built=&#8220;1&#8243; _builder_version=&#8220;3.0.47&#8243; custom_padding=&#8220;1px|0px|105px|0px|false|false&#8220; prev_background_color=&#8220;#000000&#8243;][et_pb_row _builder_version=&#8220;3.0.47&#8243; background_size=&#8220;initial&#8220; background_position=&#8220;top_left&#8220; background_repeat=&#8220;repeat&#8220;][et_pb_column type=&#8220;4_4&#8243;][et_pb_text _builder_version=&#8220;3.18.7&#8243; text_text_color=&#8220;#003399&#8243;]<\/p>\n<hr \/>\n<p>\u00a0<\/p>\n<p><strong>Zweigabend<\/strong><br \/>montags: 19.30 Uhr<br \/>Beginn: 16.09.2019<br \/>Geheimwissenschaft im Umriss (GA 13)<br \/>Die Erkenntnis der h\u00f6heren Welten<br \/>Leitung: Christa Pfannm\u00fcller<\/p>\n<p>\u00a0<\/p>\n<p>\u00a0<\/p>\n<p>\u00a0<\/p>\n<hr \/>\n<p>\u00a0<\/p>\n<p>\u00a0<\/p>\n<p><strong>Arbeitsgruppe Anthroposophie<\/strong><br \/>dienstags, 20.00 Uhr<br \/>Die Biographie des Menschen \u2013 Gesetzm\u00e4\u00dfigkeiten im Lebenslauf<br \/>Beginn: 17.09.2019; weitere Termine: 15.10., 12.11. 2019 und auf Anfrage bzw. unter www.anthroposophie-bayreuth.de<br \/>Leitung: Christa Pfannm\u00fcller<br \/>Anmeldung erbeten unter Tel.: 0921\/5167018<\/p>\n<p>\u00a0<\/p>\n<p>\u00a0<\/p>\n<p>\u00a0<\/p>\n<hr \/>\n<p>\u00a0<\/p>\n<p><strong>Hochschularbeit (nur f\u00fcr Klassenmitglieder)<\/strong><br \/>Blaue Karte erforderlich<br \/>Termine auf Anfrage<\/p>\n<p>\u00a0<\/p>\n<p>\u00a0<\/p>\n<p>\u00a0<\/p>\n<hr \/>\n<p>\u00a0<\/p>\n<p><strong>Heileurythmie f\u00fcr Erwachsene (Medizinisch-Therapeutisches)<\/strong><br \/>mit Frau Katharina Gleser, M\u00fcnchen<br \/>Termine: 25.09., 16.10., 20.11., 4.12.2019<br \/>Anmeldung und Terminvergabe durch Frau Gleser, Tel.: 0176\/83682808<\/p>\n<p>\u00a0<\/p>\n<p>\u00a0<\/p>\n<p>\u00a0<\/p>\n<hr \/>\n<p>\u00a0<\/p>\n<p><strong>Medizinische Arbeitsgruppe f\u00fcr \u00c4rzte und Pharmazeuten<\/strong><br \/>Donnerstag, 24.10.2019, 20.00 Uhr<br \/>Arbeit an<br \/><strong>Physiologisch-Therapeutisches auf <\/strong><strong>Grundlage der Geisteswissenschaft<\/strong><br \/>(GA 314, II.\/2.+3. Vortrag vom 27.10.1922)<br \/>mit Dr. Andreas Goyert, Internist, Filderklinik, Filderstadt<\/p>\n<p>Anmeldung: Tel.: 0921\/5167018<\/p>\n<p>\u00a0<\/p>\n<p><strong>Neue Teilnehmer zur Erweiterung der Arbeitsgruppen sind herzlich willkommen!<\/strong><\/p>\n<p>\u00a0<\/p>\n<p>\u00a0<\/p>\n<p>\u00a0<\/p>\n<hr \/>\n<p>\u00a0<\/p>\n<p><strong>Veranstaltungen<\/strong><br \/>alle Veranstaltungen sind \u00f6ffentlich und finden statt in der Anthroposophischen Gesellschaft Bayreuth, Rudolf Steiner Haus, Zeppelinstr. 18, 95444 Bayreuth<\/p>\n<p>\u00a0<\/p>\n<p>W\u00e4hrend der Schulferien finden keine Veranstaltungen statt.<\/p>\n<p>\u00a0<\/p>\n<p>\u00a0<\/p>\n<p>\u00a0<\/p>\n<hr \/>\n<p>\u00a0<\/p>\n<h2 id=\"september_2019\">\u00a0<\/h2>\n<p>\u00a0<\/p>\n<p>\u00a0<\/p>\n<p>\u00a0<\/p>\n<h2>September<\/h2>\n<p>\u00a0<\/p>\n<p>\u00a0<\/p>\n<p>\u00a0<\/p>\n<p>Dienstag, 17. September 2019<br \/>20.00 Uhr<br \/><strong>Arbeitsgruppe Anthroposophie<\/strong><br \/>Die Biographie des Menschen \u2013 Gesetzm\u00e4\u00dfigkeiten im Lebenslauf<br \/>Referentin: Christa Pfannm\u00fcller, Bayreuth<\/p>\n<p>\u00a0<\/p>\n<p>\u00a0<\/p>\n<p>\u00a0<\/p>\n<h5>Samstag, 28. September 2019<br \/><strong>MICHAELI-TAGUNG<\/strong><br \/>10:00-17:00 Uhr<\/h5>\n<p>\u00a0<\/p>\n<p>Die Michaelitagung in Bayreuth ist gleichzeitig die diesj\u00e4hrige Michaelitagung des Arbeitszentrums N\u00fcrnberg \u2013<br \/>es ergeht herzliche Einladung an alle Zweige!<\/p>\n<p>\u00a0<\/p>\n<p>\u00a0<\/p>\n<p>\u00a0<\/p>\n<p>10.00 \u2013 12.00 Uhr, Vortrag<br \/><strong>Die besonderen Eigenschaften und Kr\u00e4fte des Eisens<\/strong><br \/><em>Ihre Bedeutung f\u00fcr Erde, Mensch und Kosmos<\/em><br \/>Seit etwa dreitausend Jahren dient das Eisen den Menschen. In der Technik wurden durch Legierungen mit anderen Metallen Eisen- und Stahlsorten entwickelt. Eisen hat einen gro\u00dfen Anteil an der Bildung der Erdoberfl\u00e4che, ihrer F\u00e4rbung, sowie des Erdkerns.<br \/>Eisen im Blut ist dauerhaftes Heilmittel, ist eine leibliche St\u00fctze f\u00fcr unseren Willen. Dieser wird stark durch Eisenwirken und schwach durch Eisenmangel.<br \/>In den N\u00e4chten des Sp\u00e4tsommers entstehen Lichtstreifen der Meteoritenschw\u00e4rme am Himmel, die Meteoreisen, fein verteilt, aber dennoch in gro\u00dfen Mengen, zur Erde bringen.<br \/>Wenn das Meteoreisen und die nat\u00fcrlichen Eisenminerale menschenkundlich \u2013 nach Leib, Seele und Geist begr\u00fcndet \u2013 therapeutisch verwendet werden, dann auch tr\u00e4gt das Eisen zum Heil der Menschheit bei.<br \/>Referent: Dr. J\u00fcrgen Sch\u00fcrholz, Internist, Filderstadt<\/p>\n<p>\u00a0<\/p>\n<p>\u00a0<\/p>\n<p>\u00a0<\/p>\n<p>12.00 \u2013 14.00 Uhr<br \/><strong>Mittagspause<\/strong> (au\u00dfer Haus)<\/p>\n<p>\u00a0<\/p>\n<p>\u00a0<\/p>\n<p>\u00a0<\/p>\n<p>14.00 \u2013 17.00 Uhr<br \/><strong>Unterwegs zu neuen Horizonten \u2013<\/strong><br \/>mit Mut und Kraft zur Kreativit\u00e4t<br \/>Malkurs mit \u00d6lpastellkreide<br \/>Leitung: Sabine Klitzke-Pettener,<br \/>Kunsttherapeutin an der Klinik Havelh\u00f6he, Berlin<\/p>\n<div id=\"attachment_1193\" style=\"width: 160px\" class=\"wp-caption alignnone\"><a href=\"https:\/\/anthroposophie-bayreuth.de\/?page_id=1213\"><img loading=\"lazy\" decoding=\"async\" aria-describedby=\"caption-attachment-1193\" class=\"wp-image-1193 size-thumbnail\" src=\"https:\/\/anthroposophie-bayreuth.de\/wp-content\/uploads\/2019\/11\/Malkurs_mit_O\u0308lpastellkreide_2-e1573507463302-150x150.jpeg\" alt=\"\" width=\"150\" height=\"150\" \/><\/a><p id=\"caption-attachment-1193\" class=\"wp-caption-text\">Zur Bildergalerie Malkurs mit \u00d6lpastellkreide 28.September 2019<\/p><\/div>\n<p>\u00a0<\/p>\n<p>\u00a0<\/p>\n<p>\u00a0<\/p>\n<p><em><strong>Wenn Sie in Fahrtgemeinschaften anreisen, haben wir fu\u0308r alle Teilnehmer, die nachmittags nicht am \u00d6lpastell\/Wachs-Malkurs teilnehmen m\u00f6chten, einen gesonderten Ablauf:<\/strong><\/em><\/p>\n<p>\u00a0<\/p>\n<p>Wir k\u00f6nnen gemeinsam das Liszt-Museum, die Villa Wahnfried \u2013 mit Richard-Wagner-Museum \u2013, das Markgr\u00e4fliche Opernhaus oder das Jean-Paul-Museum besuchen.<\/p>\n<p>\u00a0<\/p>\n<p>Danach findet eine gemeinsame Kaffeepause im Rudolf-Steiner-Haus statt und anschlie\u00dfend<br \/>von 15.30 Uhr \u2013 17.00 Uhr ein Workshop mit dem Thema<br \/>\u201eMichaels Wirken in der Gegenwart \u2013 kleine Kunstbetrachtung, Referat und Gespr\u00e4ch\u201c,<br \/>Referentin: Christa Pfannmu\u0308ller.<\/p>\n<p>\u00a0<\/p>\n<p>Wir freuen uns auf Ihre zahlreichen Anmeldungen und wu\u0308nschen gute Fahrt!<\/p>\n<p>\u00a0<\/p>\n<p>\u00a0<\/p>\n<p>\u00a0<\/p>\n<hr \/>\n<p>\u00a0<\/p>\n<h2 id=\"oktober_2019\">\u00a0<\/h2>\n<p>\u00a0<\/p>\n<p>\u00a0<\/p>\n<p>\u00a0<\/p>\n<h2>Oktober<\/h2>\n<p>\u00a0<\/p>\n<p>\u00a0<\/p>\n<p>\u00a0<\/p>\n<p>Dienstag, 15. Oktober 2019<br \/>20.00 Uhr<br \/><strong>Arbeitsgruppe Anthroposophie<\/strong><br \/>Die Biographie des Menschen \u2013 Gesetzm\u00e4\u00dfigkeiten im Lebenslauf<br \/>Referentin: Christa Pfannm\u00fcller, Bayreuth<\/p>\n<p>\u00a0<\/p>\n<p>\u00a0<\/p>\n<p>\u00a0<\/p>\n<h5><strong>Medizinisches Wochenende mit Herrn Dr. Andreas Goyert, Internist Filderklinik:<\/strong><\/h5>\n<p>\u00a0<\/p>\n<p>\u00a0<\/p>\n<p>\u00a0<\/p>\n<p><strong>Medizinische Arbeitsgruppe f\u00fcr \u00c4rzte und Pharmazeuten <\/strong><span style=\"color: #993366;\"> (Termin entf\u00e4llt)<\/span><br \/>Donnerstag, 24.10.2019, 20.00 Uhr<br \/>Arbeit an<br \/><strong>Physiologisch-Therapeutisches auf <\/strong><strong>Grundlage der Geisteswissenschaft<\/strong><br \/>(GA 314, II.\/2.+3. Vortrag vom 27.10.1922)<br \/>mit Dr. Andreas Goyert, Internist, Filderklinik, Filderstadt<br \/>Weitere Termine der Arbeitsgruppe<br \/>ab September unter www.anthroposophie-bayreuth.de<br \/>Anmeldung: Tel.: 0921\/5167018<br \/><strong>Neue Teilnehmer zur Erweiterung der Arbeitsgruppen sind herzlich willkommen!<\/strong><\/p>\n<p>\u00a0<\/p>\n<p>\u00a0<\/p>\n<p>\u00a0<\/p>\n<p>Freitag, 25. Oktober 2019<br \/>09.00 \u2013 12.00 Uhr und<br \/>14.00 \u2013 17.00 Uhr<\/p>\n<p>\u00a0<\/p>\n<p><strong>Anthroposophische Privatsprechstunde mit Dr. Andreas Goyert,<\/strong> Internist, Filderklinik, Filderstadt<br \/>Anmeldung zur Sprechstunde unter Tel.: 0921\/5167019<\/p>\n<p>\u00a0<\/p>\n<p>\u00a0<\/p>\n<p>\u00a0<\/p>\n<p>Freitag, 25. Oktober 2019<br \/>20:00 Uhr, Seminar<\/p>\n<p>\u00a0<\/p>\n<p><strong>Krankheiten des alten Menschen \u2013 insbesondere dementielles Syndrom \u2013<\/strong><br \/><strong>aus Sicht der Anthroposophischen Medizin<\/strong><br \/>Jeder kennt aus dem eigenen famili\u00e4ren Umkreis oder Freundesumfeld die Problematik<br \/>der mit dem Alter verbundenen Krankheiten f\u00fcr den sozialen Umkreis und<br \/>die Medizin.<br \/>Die beobachtbare Zunahme der Lebenserwartung wird so zu einer enormen Herausforderung.<br \/>Nach einer Einf\u00fchrung wollen wir im Gespr\u00e4ch auch anhand von Beispielen das Thema erforschen.<br \/>Referent: Dr. Andreas Goyert, Internist, Filderklinik, Filderstadt<\/p>\n<p>\u00a0<\/p>\n<p>\u00a0<\/p>\n<p>\u00a0<\/p>\n<p>Samstag, 26. Oktober 2019<br \/>10.00 \u2013 12.00 Uhr, Seminar<\/p>\n<p>\u00a0<\/p>\n<p><strong>Welche therapeutischen Gesichtspunkte ergeben sich im Hinblick<\/strong><br \/><strong>auf Krankheiten des alten Menschen?<\/strong><br \/>Referent: Dr. Andreas Goyert, Internist, Filderklinik, Filderstadt<\/p>\n<p>\u00a0<\/p>\n<p>12.00 \u2013 14.00 Uhr<br \/><strong>Mittagspause<\/strong> (au\u00dfer Haus)<\/p>\n<p>\u00a0<\/p>\n<p>14.00 \u2013 17.00 Uhr<br \/><strong>Plastizierkurs<\/strong><br \/>Leitung: Angelika Zimmermann,<br \/>Waldorflehrerin, M\u00fcnchen<\/p>\n<div id=\"attachment_1162\" style=\"width: 160px\" class=\"wp-caption alignnone\"><a href=\"https:\/\/anthroposophie-bayreuth.de\/?page_id=1152\"><img loading=\"lazy\" decoding=\"async\" aria-describedby=\"caption-attachment-1162\" class=\"wp-image-1162 size-thumbnail\" src=\"https:\/\/anthroposophie-bayreuth.de\/wp-content\/uploads\/2019\/11\/Plastizierkurs_10-e1573507605865-150x150.jpg\" alt=\"\" width=\"150\" height=\"150\" \/><\/a><p id=\"caption-attachment-1162\" class=\"wp-caption-text\">Zur Bildergalerie Plastizierkurs 26.Oktober 2019<\/p><\/div>\n<p>\u00a0<\/p>\n<p>\u00a0<\/p>\n<p>\u00a0<\/p>\n<hr \/>\n<p>\u00a0<\/p>\n<h2 id=\"november_2019\">\u00a0<\/h2>\n<p>\u00a0<\/p>\n<p>\u00a0<\/p>\n<p>\u00a0<\/p>\n<h2>November<\/h2>\n<p>\u00a0<\/p>\n<p>\u00a0<\/p>\n<p>\u00a0<\/p>\n<p>Dienstag, 12. November 2019<br \/>20.00 Uhr<br \/><strong>Arbeitsgruppe Anthroposophie<\/strong><br \/>Die Biographie des Menschen \u2013 Gesetzm\u00e4\u00dfigkeiten im Lebenslauf<br \/>Referentin: Christa Pfannm\u00fcller, Bayreuth<\/p>\n<p>\u00a0<\/p>\n<p>\u00a0<\/p>\n<p>\u00a0<\/p>\n<p>Samstag, 23. November 2019<br \/>14.00 \u2013 17.00 Uhr, Sprachwerkstatt<br \/><strong>Reichlich senkt sich der Schnee &#8230;<\/strong><br \/>Ein Nachmittag der Sprache, der Laute und der Worte!<br \/>Einstimmung auf den Advent mit Gedichten und Texten<br \/>Wir freuen uns auf Ihr Kommen!<br \/>Sprachgestaltung:<br \/>Tamara Koch, M\u00fcnchen<\/p>\n<p>\u00a0<\/p>\n<p>\u00a0<\/p>\n<p>\u00a0<\/p>\n<hr \/>\n<p>\u00a0<\/p>\n<h2 id=\"dezember_2019\">\u00a0<\/h2>\n<p>\u00a0<\/p>\n<p>\u00a0<\/p>\n<p>\u00a0<\/p>\n<h2>Dezember<\/h2>\n<p>\u00a0<\/p>\n<p>\u00a0<\/p>\n<p>\u00a0<\/p>\n<p>Montag, 16. Dezember 2019<br \/>19.30 Uhr<br \/><strong>Weihnachtsvortrag mit Kunstbetrachtung<\/strong><br \/>Referentin: Christa Pfannm\u00fcller, Bayreuth<\/p>\n<p>\u00a0<\/p>\n<p>\u00a0<\/p>\n<p>\u00a0<\/p>\n<hr \/>\n<p>\u00a0<\/p>\n<p>\u00a0<\/p>\n<p>[\/et_pb_text][\/et_pb_column][\/et_pb_row][\/et_pb_section]<\/p>\n","protected":false},"excerpt":{"rendered":"<p>Veranstaltungen im 2. Halbjahr 2019 \u00a0Zweigabendmontags: 19.30 UhrBeginn: 16.09.2019Geheimwissenschaft im Umriss (GA 13)Die Erkenntnis der h\u00f6heren WeltenLeitung: Christa Pfannm\u00fcller\u00a0\u00a0\u00a0\u00a0\u00a0Arbeitsgruppe Anthroposophiedienstags, 20.00 UhrDie Biographie des Menschen \u2013 Gesetzm\u00e4\u00dfigkeiten im LebenslaufBeginn: 17.09.2019; weitere Termine: 15.10., 12.11. 2019 und auf Anfrage bzw. unter www.anthroposophie-bayreuth.deLeitung: Christa Pfannm\u00fcllerAnmeldung erbeten unter Tel.: 0921\/5167018\u00a0\u00a0\u00a0\u00a0Hochschularbeit (nur f\u00fcr Klassenmitglieder)Blaue Karte erforderlichTermine auf Anfrage\u00a0\u00a0\u00a0\u00a0Heileurythmie f\u00fcr [&hellip;]<\/p>\n","protected":false},"author":1,"featured_media":0,"parent":0,"menu_order":0,"comment_status":"closed","ping_status":"closed","template":"","meta":{"_et_pb_use_builder":"on","_et_pb_old_content":"","_et_gb_content_width":"","footnotes":""},"class_list":["post-1075","page","type-page","status-publish","hentry"],"yoast_head":"<!-- This site is optimized with the Yoast SEO plugin v26.6 - https:\/\/yoast.com\/wordpress\/plugins\/seo\/ -->\n<title>September \u2013 Dezember 2019 - Anthroposophische Gesellschaft Bayreuth<\/title>\n<meta name=\"robots\" content=\"index, follow, max-snippet:-1, max-image-preview:large, max-video-preview:-1\" \/>\n<link rel=\"canonical\" href=\"https:\/\/anthroposophie-bayreuth.de\/?page_id=1075\" \/>\n<meta property=\"og:locale\" content=\"de_DE\" \/>\n<meta property=\"og:type\" content=\"article\" \/>\n<meta property=\"og:title\" content=\"September \u2013 Dezember 2019 - Anthroposophische Gesellschaft Bayreuth\" \/>\n<meta property=\"og:description\" content=\"Veranstaltungen im 2. Halbjahr 2019 \u00a0Zweigabendmontags: 19.30 UhrBeginn: 16.09.2019Geheimwissenschaft im Umriss (GA 13)Die Erkenntnis der h\u00f6heren WeltenLeitung: Christa Pfannm\u00fcller\u00a0\u00a0\u00a0\u00a0\u00a0Arbeitsgruppe Anthroposophiedienstags, 20.00 UhrDie Biographie des Menschen \u2013 Gesetzm\u00e4\u00dfigkeiten im LebenslaufBeginn: 17.09.2019; weitere Termine: 15.10., 12.11. 2019 und auf Anfrage bzw. unter www.anthroposophie-bayreuth.deLeitung: Christa Pfannm\u00fcllerAnmeldung erbeten unter Tel.: 0921\/5167018\u00a0\u00a0\u00a0\u00a0Hochschularbeit (nur f\u00fcr Klassenmitglieder)Blaue Karte erforderlichTermine auf Anfrage\u00a0\u00a0\u00a0\u00a0Heileurythmie f\u00fcr [&hellip;]\" \/>\n<meta property=\"og:url\" content=\"https:\/\/anthroposophie-bayreuth.de\/?page_id=1075\" \/>\n<meta property=\"og:site_name\" content=\"Anthroposophische Gesellschaft Bayreuth\" \/>\n<meta property=\"article:modified_time\" content=\"2019-11-13T20:04:10+00:00\" \/>\n<meta property=\"og:image\" content=\"https:\/\/anthroposophie-bayreuth.de\/wp-content\/uploads\/2019\/11\/Plastizierkurs_10-e1573507605865-150x150.jpg\" \/>\n<meta name=\"twitter:card\" content=\"summary_large_image\" \/>\n<meta name=\"twitter:label1\" content=\"Gesch\u00e4tzte Lesezeit\" \/>\n\t<meta name=\"twitter:data1\" content=\"5\u00a0Minuten\" \/>\n<script type=\"application\/ld+json\" class=\"yoast-schema-graph\">{\"@context\":\"https:\/\/schema.org\",\"@graph\":[{\"@type\":\"WebPage\",\"@id\":\"https:\/\/anthroposophie-bayreuth.de\/?page_id=1075\",\"url\":\"https:\/\/anthroposophie-bayreuth.de\/?page_id=1075\",\"name\":\"September \u2013 Dezember 2019 - Anthroposophische Gesellschaft Bayreuth\",\"isPartOf\":{\"@id\":\"https:\/\/anthroposophie-bayreuth.de\/#website\"},\"primaryImageOfPage\":{\"@id\":\"https:\/\/anthroposophie-bayreuth.de\/?page_id=1075#primaryimage\"},\"image\":{\"@id\":\"https:\/\/anthroposophie-bayreuth.de\/?page_id=1075#primaryimage\"},\"thumbnailUrl\":\"https:\/\/anthroposophie-bayreuth.de\/wp-content\/uploads\/2019\/11\/Plastizierkurs_10-e1573507605865-150x150.jpg\",\"datePublished\":\"2019-07-07T14:56:42+00:00\",\"dateModified\":\"2019-11-13T20:04:10+00:00\",\"breadcrumb\":{\"@id\":\"https:\/\/anthroposophie-bayreuth.de\/?page_id=1075#breadcrumb\"},\"inLanguage\":\"de\",\"potentialAction\":[{\"@type\":\"ReadAction\",\"target\":[\"https:\/\/anthroposophie-bayreuth.de\/?page_id=1075\"]}]},{\"@type\":\"ImageObject\",\"inLanguage\":\"de\",\"@id\":\"https:\/\/anthroposophie-bayreuth.de\/?page_id=1075#primaryimage\",\"url\":\"https:\/\/anthroposophie-bayreuth.de\/wp-content\/uploads\/2019\/11\/Plastizierkurs_10-e1573507605865.jpg\",\"contentUrl\":\"https:\/\/anthroposophie-bayreuth.de\/wp-content\/uploads\/2019\/11\/Plastizierkurs_10-e1573507605865.jpg\",\"width\":1323,\"height\":840},{\"@type\":\"BreadcrumbList\",\"@id\":\"https:\/\/anthroposophie-bayreuth.de\/?page_id=1075#breadcrumb\",\"itemListElement\":[{\"@type\":\"ListItem\",\"position\":1,\"name\":\"Startseite\",\"item\":\"https:\/\/anthroposophie-bayreuth.de\/\"},{\"@type\":\"ListItem\",\"position\":2,\"name\":\"September \u2013 Dezember 2019\"}]},{\"@type\":\"WebSite\",\"@id\":\"https:\/\/anthroposophie-bayreuth.de\/#website\",\"url\":\"https:\/\/anthroposophie-bayreuth.de\/\",\"name\":\"Anthroposophische Gesellschaft Bayreuth\",\"description\":\"Rudolf Steiner Haus\",\"potentialAction\":[{\"@type\":\"SearchAction\",\"target\":{\"@type\":\"EntryPoint\",\"urlTemplate\":\"https:\/\/anthroposophie-bayreuth.de\/?s={search_term_string}\"},\"query-input\":{\"@type\":\"PropertyValueSpecification\",\"valueRequired\":true,\"valueName\":\"search_term_string\"}}],\"inLanguage\":\"de\"}]}<\/script>\n<!-- \/ Yoast SEO plugin. -->","yoast_head_json":{"title":"September \u2013 Dezember 2019 - Anthroposophische Gesellschaft Bayreuth","robots":{"index":"index","follow":"follow","max-snippet":"max-snippet:-1","max-image-preview":"max-image-preview:large","max-video-preview":"max-video-preview:-1"},"canonical":"https:\/\/anthroposophie-bayreuth.de\/?page_id=1075","og_locale":"de_DE","og_type":"article","og_title":"September \u2013 Dezember 2019 - Anthroposophische Gesellschaft Bayreuth","og_description":"Veranstaltungen im 2. Halbjahr 2019 \u00a0Zweigabendmontags: 19.30 UhrBeginn: 16.09.2019Geheimwissenschaft im Umriss (GA 13)Die Erkenntnis der h\u00f6heren WeltenLeitung: Christa Pfannm\u00fcller\u00a0\u00a0\u00a0\u00a0\u00a0Arbeitsgruppe Anthroposophiedienstags, 20.00 UhrDie Biographie des Menschen \u2013 Gesetzm\u00e4\u00dfigkeiten im LebenslaufBeginn: 17.09.2019; weitere Termine: 15.10., 12.11. 2019 und auf Anfrage bzw. unter www.anthroposophie-bayreuth.deLeitung: Christa Pfannm\u00fcllerAnmeldung erbeten unter Tel.: 0921\/5167018\u00a0\u00a0\u00a0\u00a0Hochschularbeit (nur f\u00fcr Klassenmitglieder)Blaue Karte erforderlichTermine auf Anfrage\u00a0\u00a0\u00a0\u00a0Heileurythmie f\u00fcr [&hellip;]","og_url":"https:\/\/anthroposophie-bayreuth.de\/?page_id=1075","og_site_name":"Anthroposophische Gesellschaft Bayreuth","article_modified_time":"2019-11-13T20:04:10+00:00","og_image":[{"url":"https:\/\/anthroposophie-bayreuth.de\/wp-content\/uploads\/2019\/11\/Plastizierkurs_10-e1573507605865-150x150.jpg","type":"","width":"","height":""}],"twitter_card":"summary_large_image","twitter_misc":{"Gesch\u00e4tzte Lesezeit":"5\u00a0Minuten"},"schema":{"@context":"https:\/\/schema.org","@graph":[{"@type":"WebPage","@id":"https:\/\/anthroposophie-bayreuth.de\/?page_id=1075","url":"https:\/\/anthroposophie-bayreuth.de\/?page_id=1075","name":"September \u2013 Dezember 2019 - Anthroposophische Gesellschaft Bayreuth","isPartOf":{"@id":"https:\/\/anthroposophie-bayreuth.de\/#website"},"primaryImageOfPage":{"@id":"https:\/\/anthroposophie-bayreuth.de\/?page_id=1075#primaryimage"},"image":{"@id":"https:\/\/anthroposophie-bayreuth.de\/?page_id=1075#primaryimage"},"thumbnailUrl":"https:\/\/anthroposophie-bayreuth.de\/wp-content\/uploads\/2019\/11\/Plastizierkurs_10-e1573507605865-150x150.jpg","datePublished":"2019-07-07T14:56:42+00:00","dateModified":"2019-11-13T20:04:10+00:00","breadcrumb":{"@id":"https:\/\/anthroposophie-bayreuth.de\/?page_id=1075#breadcrumb"},"inLanguage":"de","potentialAction":[{"@type":"ReadAction","target":["https:\/\/anthroposophie-bayreuth.de\/?page_id=1075"]}]},{"@type":"ImageObject","inLanguage":"de","@id":"https:\/\/anthroposophie-bayreuth.de\/?page_id=1075#primaryimage","url":"https:\/\/anthroposophie-bayreuth.de\/wp-content\/uploads\/2019\/11\/Plastizierkurs_10-e1573507605865.jpg","contentUrl":"https:\/\/anthroposophie-bayreuth.de\/wp-content\/uploads\/2019\/11\/Plastizierkurs_10-e1573507605865.jpg","width":1323,"height":840},{"@type":"BreadcrumbList","@id":"https:\/\/anthroposophie-bayreuth.de\/?page_id=1075#breadcrumb","itemListElement":[{"@type":"ListItem","position":1,"name":"Startseite","item":"https:\/\/anthroposophie-bayreuth.de\/"},{"@type":"ListItem","position":2,"name":"September \u2013 Dezember 2019"}]},{"@type":"WebSite","@id":"https:\/\/anthroposophie-bayreuth.de\/#website","url":"https:\/\/anthroposophie-bayreuth.de\/","name":"Anthroposophische Gesellschaft Bayreuth","description":"Rudolf Steiner Haus","potentialAction":[{"@type":"SearchAction","target":{"@type":"EntryPoint","urlTemplate":"https:\/\/anthroposophie-bayreuth.de\/?s={search_term_string}"},"query-input":{"@type":"PropertyValueSpecification","valueRequired":true,"valueName":"search_term_string"}}],"inLanguage":"de"}]}},"_links":{"self":[{"href":"https:\/\/anthroposophie-bayreuth.de\/index.php?rest_route=\/wp\/v2\/pages\/1075","targetHints":{"allow":["GET"]}}],"collection":[{"href":"https:\/\/anthroposophie-bayreuth.de\/index.php?rest_route=\/wp\/v2\/pages"}],"about":[{"href":"https:\/\/anthroposophie-bayreuth.de\/index.php?rest_route=\/wp\/v2\/types\/page"}],"author":[{"embeddable":true,"href":"https:\/\/anthroposophie-bayreuth.de\/index.php?rest_route=\/wp\/v2\/users\/1"}],"replies":[{"embeddable":true,"href":"https:\/\/anthroposophie-bayreuth.de\/index.php?rest_route=%2Fwp%2Fv2%2Fcomments&post=1075"}],"version-history":[{"count":49,"href":"https:\/\/anthroposophie-bayreuth.de\/index.php?rest_route=\/wp\/v2\/pages\/1075\/revisions"}],"predecessor-version":[{"id":1135,"href":"https:\/\/anthroposophie-bayreuth.de\/index.php?rest_route=\/wp\/v2\/pages\/1075\/revisions\/1135"}],"wp:attachment":[{"href":"https:\/\/anthroposophie-bayreuth.de\/index.php?rest_route=%2Fwp%2Fv2%2Fmedia&parent=1075"}],"curies":[{"name":"wp","href":"https:\/\/api.w.org\/{rel}","templated":true}]}}